{"id":11,"date":"2022-12-24T16:50:22","date_gmt":"2022-12-24T16:50:22","guid":{"rendered":"https:\/\/ccb.flaus.net\/ccb2\/?page_id=11"},"modified":"2025-09-17T23:11:41","modified_gmt":"2025-09-17T22:11:41","slug":"events","status":"publish","type":"page","link":"https:\/\/chromosome.ie\/gae\/events\/","title":{"rendered":"Nuacht &amp; Immeachta\u00ed"},"content":{"rendered":"<h3 class=\"wp-block-heading has-large-font-size\">F\u00f3gra\u00ed<\/h3>\n\n\n\n<div class=\"wp-block-essential-blocks-wrapper  root-eb-wrapper-n8jpw\"><div class=\"eb-parent-wrapper eb-parent-eb-wrapper-n8jpw\"><div class=\"eb-wrapper-outer eb-wrapper-n8jpw\"><div class=\"eb-wrapper-inner\"><div class=\"eb-wrapper-inner-blocks eb-wrapper-align-center\"><ul class=\"wp-block-latest-posts__list has-dates wp-block-latest-posts\"><li><a class=\"wp-block-latest-posts__post-title\" href=\"https:\/\/chromosome.ie\/gae\/2025\/12\/18\/congratulations-to-dr-giemza-on-a-successful-viva-defence\/\">Congratulations to Dr. Giemza on a successful viva defence!<\/a><time datetime=\"2025-12-18T15:12:42+00:00\" class=\"wp-block-latest-posts__post-date\">December 18, 2025<\/time><\/li>\n<li><a class=\"wp-block-latest-posts__post-title\" href=\"https:\/\/chromosome.ie\/gae\/2025\/11\/12\/congratulations-to-dr-crowley-on-a-successful-viva-defence\/\">Congratulations to Dr. Crowley on a successful viva defence!<\/a><time datetime=\"2025-11-12T14:16:46+00:00\" class=\"wp-block-latest-posts__post-date\">November 12, 2025<\/time><\/li>\n<li><a class=\"wp-block-latest-posts__post-title\" href=\"https:\/\/chromosome.ie\/gae\/2025\/07\/16\/join-us-new-group-leaders-wanted\/\">Join Us: New Group Leaders Wanted!<\/a><time datetime=\"2025-07-16T11:28:06+01:00\" class=\"wp-block-latest-posts__post-date\">July 16, 2025<\/time><\/li>\n<\/ul><\/div><\/div><\/div><\/div><\/div>\n\n\n\n<p>Clice\u00e1il <a href=\"https:\/\/chromosome.ie\/gae\/events\/announcements\/\">anseo<\/a> Chun choinne\u00e1l suas le nuacht an ionaid, lean \u00e1r bpr\u00f3if\u00edl ar <a aria-label=\" (opens in a new tab)\" class=\"ek-link\" href=\"https:\/\/twitter.com\/CCB_Galway\" target=\"_blank\" rel=\"noreferrer noopener\">Twitter<\/a>!<\/p>\n\n\n\n<p><\/p>\n\n\n\n<h3 class=\"wp-block-heading\">Upcoming Seminars:<\/h3>\n\n\n\n<p>Clice\u00e1il <a href=\"https:\/\/chromosome.ie\/gae\/events\/seminars\/\" data-type=\"page\" data-id=\"2005\">anseo <\/a>le haghaidh tuilleadh eolais ar na seimine\u00e1ir.<\/p>\n\n\n<div class=\"simcal-calendar simcal-default-calendar simcal-default-calendar-grid simcal-default-calendar-light\" data-calendar-id=\"2063\" data-timezone=\"Europe\/Dublin\" data-offset=\"3600\" data-week-start=\"1\" data-calendar-start=\"1774998000\" data-calendar-end=\"1796821200\" data-events-first=\"1775041200\" data-events-last=\"1796821200\">\n\t\t\t\n            <table class=\"simcal-calendar-grid\"\n                   data-event-bubble-trigger=\"hover\">\n                <thead class=\"simcal-calendar-head\">\n                <tr>\n\t\t\t\t\t                        <th class=\"simcal-nav simcal-prev-wrapper\" colspan=\"1\">\n                            <button class=\"simcal-nav-button simcal-month-nav simcal-prev\" title=\"Previous Month\" aria-label=\"Previous Month\"><i class=\"simcal-icon-left\"><\/i><\/button>\n                        <\/th>\n\t\t\t\t\t                    <th colspan=\"5\"\n                        class=\"simcal-nav simcal-current\"\n                        data-calendar-current=\"1774998000\">\n\t\t\t\t\t\t<h3> <span class=\"simcal-current-month\">April<\/span>  <span class=\"simcal-current-year\">2026<\/span> <\/h3>                    <\/th>\n\t\t\t\t\t                        <th class=\"simcal-nav simcal-next-wrapper\" colspan=\"1\">\n                            <button class=\"simcal-nav-button simcal-month-nav simcal-next\" title=\"Next Month\" aria-label=\"Next Month\"><i class=\"simcal-icon-right\"><\/i><\/button>\n                        <\/th>\n\t\t\t\t\t                <\/tr>\n                <tr>\n\t\t\t\t\t                        <th class=\"simcal-week-day simcal-week-day-1\"\n                            data-screen-small=\"M\"\n                            data-screen-medium=\"Mon\"\n                            data-screen-large=\"Monday\">Mon<\/th>\n\t\t\t\t\t\t                        <th class=\"simcal-week-day simcal-week-day-2\"\n                            data-screen-small=\"T\"\n                            data-screen-medium=\"Tue\"\n                            data-screen-large=\"Tuesday\">Tue<\/th>\n\t\t\t\t\t\t                        <th class=\"simcal-week-day simcal-week-day-3\"\n                            data-screen-small=\"W\"\n                            data-screen-medium=\"Wed\"\n                            data-screen-large=\"Wednesday\">Wed<\/th>\n\t\t\t\t\t\t                        <th class=\"simcal-week-day simcal-week-day-4\"\n                            data-screen-small=\"T\"\n                            data-screen-medium=\"Thu\"\n                            data-screen-large=\"Thursday\">Thu<\/th>\n\t\t\t\t\t\t                        <th class=\"simcal-week-day simcal-week-day-5\"\n                            data-screen-small=\"F\"\n                            data-screen-medium=\"Fri\"\n                            data-screen-large=\"Friday\">Fri<\/th>\n\t\t\t\t\t\t                        <th class=\"simcal-week-day simcal-week-day-6\"\n                            data-screen-small=\"S\"\n                            data-screen-medium=\"Sat\"\n                            data-screen-large=\"Saturday\">Sat<\/th>\n\t\t\t\t\t\t                            <th class=\"simcal-week-day simcal-week-day-0\"\n                                data-screen-small=\"S\"\n                                data-screen-medium=\"Sun\"\n                                data-screen-large=\"Sunday\">Sun<\/th>\n\t\t\t\t\t\t\t                <\/tr>\n                <\/thead>\n\n\t\t\t\t<tbody class=\"simcal-month simcal-month-4\">\n\t<tr class=\"simcal-week simcal-week-14\"><td class=\"simcal-day simcal-day-void\"><\/td>\n<td class=\"simcal-day simcal-day-void simcal-day-void-last\"><\/td>\n<td class=\"simcal-day-1 simcal-weekday-3 simcal-past simcal-day simcal-day-has-events simcal-day-has-1-events simcal-events-calendar-67\" data-events-count=\"1\">\n\t<div>\n\t\t<span class=\"simcal-day-label simcal-day-number\" style=\"background-color: #000000; color: #ffffff\">1<\/span>\n\t\t<ul class=\"simcal-events\">\t<li class=\"simcal-event simcal-events-calendar-67 simcal-tooltip\" itemscope itemtype=\"http:\/\/schema.org\/Event\">\n\t\t<span class=\"simcal-event-title\">Michael Rainey (CS)<\/span>\n\t\t<div class=\"simcal-event-details simcal-tooltip-content\" style=\"display: none;\"><p><span class=\"simcal-event-start simcal-event-start-date\" data-event-start=\"1775041200\" data-event-format=\"M jS\" itemprop=\"startDate\" content=\"2026-04-01T12:00:00+01:00\">Apr 1st<\/span>: <strong><span class=\"simcal-event-title\" itemprop=\"name\">Michael Rainey (CS)<\/span> <\/strong><span class=\"simcal-event-start simcal-event-start-time\" data-event-start=\"1775041200\" data-event-format=\"g:i a\" itemprop=\"startDate\" content=\"2026-04-01T12:00:00+01:00\">12:00 pm<\/span><\/p><\/div>\n\t<\/li>\n<\/ul>\n\n\t\t<span class=\"simcal-events-dots\" style=\"display: none;\"><b style=\"color: #000;\"> &bull; <\/b><\/span>\n\t<\/div>\n<\/td>\n<td class=\"simcal-day-2 simcal-weekday-4 simcal-past simcal-day simcal-day-has-events simcal-day-has-1-events simcal-events-calendar-96\" data-events-count=\"1\">\n\t<div>\n\t\t<span class=\"simcal-day-label simcal-day-number\" style=\"background-color: #000000; color: #ffffff\">2<\/span>\n\t\t<ul class=\"simcal-events\">\t<li class=\"simcal-event simcal-events-calendar-96 simcal-tooltip\" itemscope itemtype=\"http:\/\/schema.org\/Event\">\n\t\t<span class=\"simcal-event-title\">End of teaching<\/span>\n\t\t<div class=\"simcal-event-details simcal-tooltip-content\" style=\"display: none;\"><p><span class=\"simcal-event-start simcal-event-start-date\" data-event-start=\"1775084459\" data-event-format=\"M jS\" itemprop=\"startDate\" content=\"2026-04-02T00:00:59+01:00\">Apr 2nd<\/span>: <strong><span class=\"simcal-event-title\" itemprop=\"name\">End of teaching<\/span>\u00a0<\/strong><\/p>\n<ul>\n<li><\/li>\n<li> <span class=\"simcal-event-address simcal-event-start-location\" itemprop=\"location\" itemscope itemtype=\"http:\/\/schema.org\/Place\"><meta itemprop=\"name\" content=\"End of teaching\" \/><meta itemprop=\"address\" content=\"End of teaching\" \/><\/span>,\u00a0 <span class=\"simcal-event-start simcal-event-start-time\" data-event-start=\"1775084459\" data-event-format=\"g:i a\" itemprop=\"startDate\" content=\"2026-04-02T00:00:59+01:00\">12:00 am<\/span><\/li>\n<\/ul><\/div>\n\t<\/li>\n<\/ul>\n\n\t\t<span class=\"simcal-events-dots\" style=\"display: none;\"><b style=\"color: #000;\"> &bull; <\/b><\/span>\n\t<\/div>\n<\/td>\n<td class=\"simcal-day-3 simcal-weekday-5 simcal-past simcal-day\" data-events-count=\"0\">\n\t<div>\n\t\t<span class=\"simcal-day-label simcal-day-number\">3<\/span>\n\t\t<span class=\"simcal-no-events\"><\/span>\n\t\t<span class=\"simcal-events-dots\" style=\"display: none;\"><\/span>\n\t<\/div>\n<\/td>\n<td class=\"simcal-day-4 simcal-weekday-6 simcal-past simcal-day\" data-events-count=\"0\">\n\t<div>\n\t\t<span class=\"simcal-day-label simcal-day-number\">4<\/span>\n\t\t<span class=\"simcal-no-events\"><\/span>\n\t\t<span class=\"simcal-events-dots\" style=\"display: none;\"><\/span>\n\t<\/div>\n<\/td>\n<td class=\"simcal-day-5 simcal-weekday-0 simcal-past simcal-day\" data-events-count=\"0\">\n\t<div>\n\t\t<span class=\"simcal-day-label simcal-day-number\">5<\/span>\n\t\t<span class=\"simcal-no-events\"><\/span>\n\t\t<span class=\"simcal-events-dots\" style=\"display: none;\"><\/span>\n\t<\/div>\n<\/td>\n<\/tr><tr class=\"simcal-week simcal-week-14\">\n<td class=\"simcal-day-6 simcal-weekday-1 simcal-past simcal-day\" data-events-count=\"0\">\n\t<div>\n\t\t<span class=\"simcal-day-label simcal-day-number\">6<\/span>\n\t\t<span class=\"simcal-no-events\"><\/span>\n\t\t<span class=\"simcal-events-dots\" style=\"display: none;\"><\/span>\n\t<\/div>\n<\/td>\n<td class=\"simcal-day-7 simcal-weekday-2 simcal-past simcal-day\" data-events-count=\"0\">\n\t<div>\n\t\t<span class=\"simcal-day-label simcal-day-number\">7<\/span>\n\t\t<span class=\"simcal-no-events\"><\/span>\n\t\t<span class=\"simcal-events-dots\" style=\"display: none;\"><\/span>\n\t<\/div>\n<\/td>\n<td class=\"simcal-day-8 simcal-weekday-3 simcal-past simcal-day simcal-day-has-events simcal-day-has-1-events simcal-events-calendar-67\" data-events-count=\"1\">\n\t<div>\n\t\t<span class=\"simcal-day-label simcal-day-number\" style=\"background-color: #000000; color: #ffffff\">8<\/span>\n\t\t<ul class=\"simcal-events\">\t<li class=\"simcal-event simcal-events-calendar-67 simcal-tooltip\" itemscope itemtype=\"http:\/\/schema.org\/Event\">\n\t\t<span class=\"simcal-event-title\">Mihailo Mirkovich<\/span>\n\t\t<div class=\"simcal-event-details simcal-tooltip-content\" style=\"display: none;\"><p><span class=\"simcal-event-start simcal-event-start-date\" data-event-start=\"1775646000\" data-event-format=\"M jS\" itemprop=\"startDate\" content=\"2026-04-08T12:00:00+01:00\">Apr 8th<\/span>: <strong><span class=\"simcal-event-title\" itemprop=\"name\">Mihailo Mirkovich<\/span> <\/strong><span class=\"simcal-event-start simcal-event-start-time\" data-event-start=\"1775646000\" data-event-format=\"g:i a\" itemprop=\"startDate\" content=\"2026-04-08T12:00:00+01:00\">12:00 pm<\/span><\/p><\/div>\n\t<\/li>\n<\/ul>\n\n\t\t<span class=\"simcal-events-dots\" style=\"display: none;\"><b style=\"color: #000;\"> &bull; <\/b><\/span>\n\t<\/div>\n<\/td>\n<td class=\"simcal-day-9 simcal-weekday-4 simcal-past simcal-day\" data-events-count=\"0\">\n\t<div>\n\t\t<span class=\"simcal-day-label simcal-day-number\">9<\/span>\n\t\t<span class=\"simcal-no-events\"><\/span>\n\t\t<span class=\"simcal-events-dots\" style=\"display: none;\"><\/span>\n\t<\/div>\n<\/td>\n<td class=\"simcal-day-10 simcal-weekday-5 simcal-past simcal-day\" data-events-count=\"0\">\n\t<div>\n\t\t<span class=\"simcal-day-label simcal-day-number\">10<\/span>\n\t\t<span class=\"simcal-no-events\"><\/span>\n\t\t<span class=\"simcal-events-dots\" style=\"display: none;\"><\/span>\n\t<\/div>\n<\/td>\n<td class=\"simcal-day-11 simcal-weekday-6 simcal-past simcal-day\" data-events-count=\"0\">\n\t<div>\n\t\t<span class=\"simcal-day-label simcal-day-number\">11<\/span>\n\t\t<span class=\"simcal-no-events\"><\/span>\n\t\t<span class=\"simcal-events-dots\" style=\"display: none;\"><\/span>\n\t<\/div>\n<\/td>\n<td class=\"simcal-day-12 simcal-weekday-0 simcal-past simcal-day\" data-events-count=\"0\">\n\t<div>\n\t\t<span class=\"simcal-day-label simcal-day-number\">12<\/span>\n\t\t<span class=\"simcal-no-events\"><\/span>\n\t\t<span class=\"simcal-events-dots\" style=\"display: none;\"><\/span>\n\t<\/div>\n<\/td>\n<\/tr><tr class=\"simcal-week simcal-week-15\">\n<td class=\"simcal-day-13 simcal-weekday-1 simcal-past simcal-day\" data-events-count=\"0\">\n\t<div>\n\t\t<span class=\"simcal-day-label simcal-day-number\">13<\/span>\n\t\t<span class=\"simcal-no-events\"><\/span>\n\t\t<span class=\"simcal-events-dots\" style=\"display: none;\"><\/span>\n\t<\/div>\n<\/td>\n<td class=\"simcal-day-14 simcal-weekday-2 simcal-past simcal-day\" data-events-count=\"0\">\n\t<div>\n\t\t<span class=\"simcal-day-label simcal-day-number\">14<\/span>\n\t\t<span class=\"simcal-no-events\"><\/span>\n\t\t<span class=\"simcal-events-dots\" style=\"display: none;\"><\/span>\n\t<\/div>\n<\/td>\n<td class=\"simcal-day-15 simcal-weekday-3 simcal-past simcal-day simcal-day-has-events simcal-day-has-1-events simcal-events-calendar-67\" data-events-count=\"1\">\n\t<div>\n\t\t<span class=\"simcal-day-label simcal-day-number\" style=\"background-color: #000000; color: #ffffff\">15<\/span>\n\t\t<ul class=\"simcal-events\">\t<li class=\"simcal-event simcal-events-calendar-67 simcal-tooltip\" itemscope itemtype=\"http:\/\/schema.org\/Event\">\n\t\t<span class=\"simcal-event-title\">Ilse Skujina (NL)<\/span>\n\t\t<div class=\"simcal-event-details simcal-tooltip-content\" style=\"display: none;\"><p><span class=\"simcal-event-start simcal-event-start-date\" data-event-start=\"1776250800\" data-event-format=\"M jS\" itemprop=\"startDate\" content=\"2026-04-15T12:00:00+01:00\">Apr 15th<\/span>: <strong><span class=\"simcal-event-title\" itemprop=\"name\">Ilse Skujina (NL)<\/span> <\/strong><span class=\"simcal-event-start simcal-event-start-time\" data-event-start=\"1776250800\" data-event-format=\"g:i a\" itemprop=\"startDate\" content=\"2026-04-15T12:00:00+01:00\">12:00 pm<\/span><\/p><\/div>\n\t<\/li>\n<\/ul>\n\n\t\t<span class=\"simcal-events-dots\" style=\"display: none;\"><b style=\"color: #000;\"> &bull; <\/b><\/span>\n\t<\/div>\n<\/td>\n<td class=\"simcal-day-16 simcal-weekday-4 simcal-past simcal-day\" data-events-count=\"0\">\n\t<div>\n\t\t<span class=\"simcal-day-label simcal-day-number\">16<\/span>\n\t\t<span class=\"simcal-no-events\"><\/span>\n\t\t<span class=\"simcal-events-dots\" style=\"display: none;\"><\/span>\n\t<\/div>\n<\/td>\n<td class=\"simcal-day-17 simcal-weekday-5 simcal-past simcal-day\" data-events-count=\"0\">\n\t<div>\n\t\t<span class=\"simcal-day-label simcal-day-number\">17<\/span>\n\t\t<span class=\"simcal-no-events\"><\/span>\n\t\t<span class=\"simcal-events-dots\" style=\"display: none;\"><\/span>\n\t<\/div>\n<\/td>\n<td class=\"simcal-day-18 simcal-weekday-6 simcal-past simcal-day\" data-events-count=\"0\">\n\t<div>\n\t\t<span class=\"simcal-day-label simcal-day-number\">18<\/span>\n\t\t<span class=\"simcal-no-events\"><\/span>\n\t\t<span class=\"simcal-events-dots\" style=\"display: none;\"><\/span>\n\t<\/div>\n<\/td>\n<td class=\"simcal-day-19 simcal-weekday-0 simcal-past simcal-day\" data-events-count=\"0\">\n\t<div>\n\t\t<span class=\"simcal-day-label simcal-day-number\">19<\/span>\n\t\t<span class=\"simcal-no-events\"><\/span>\n\t\t<span class=\"simcal-events-dots\" style=\"display: none;\"><\/span>\n\t<\/div>\n<\/td>\n<\/tr><tr class=\"simcal-week simcal-week-16\">\n<td class=\"simcal-day-20 simcal-weekday-1 simcal-past simcal-day\" data-events-count=\"0\">\n\t<div>\n\t\t<span class=\"simcal-day-label simcal-day-number\">20<\/span>\n\t\t<span class=\"simcal-no-events\"><\/span>\n\t\t<span class=\"simcal-events-dots\" style=\"display: none;\"><\/span>\n\t<\/div>\n<\/td>\n<td class=\"simcal-day-21 simcal-weekday-2 simcal-past simcal-day\" data-events-count=\"0\">\n\t<div>\n\t\t<span class=\"simcal-day-label simcal-day-number\">21<\/span>\n\t\t<span class=\"simcal-no-events\"><\/span>\n\t\t<span class=\"simcal-events-dots\" style=\"display: none;\"><\/span>\n\t<\/div>\n<\/td>\n<td class=\"simcal-day-22 simcal-weekday-3 simcal-past simcal-day simcal-day-has-events simcal-day-has-1-events simcal-events-calendar-67\" data-events-count=\"1\">\n\t<div>\n\t\t<span class=\"simcal-day-label simcal-day-number\" style=\"background-color: #000000; color: #ffffff\">22<\/span>\n\t\t<ul class=\"simcal-events\">\t<li class=\"simcal-event simcal-events-calendar-67 simcal-tooltip\" itemscope itemtype=\"http:\/\/schema.org\/Event\">\n\t\t<span class=\"simcal-event-title\">Ben O&#039;Gorman (ED)<\/span>\n\t\t<div class=\"simcal-event-details simcal-tooltip-content\" style=\"display: none;\"><p><span class=\"simcal-event-start simcal-event-start-date\" data-event-start=\"1776855600\" data-event-format=\"M jS\" itemprop=\"startDate\" content=\"2026-04-22T12:00:00+01:00\">Apr 22nd<\/span>: <strong><span class=\"simcal-event-title\" itemprop=\"name\">Ben O&#039;Gorman (ED)<\/span> <\/strong><span class=\"simcal-event-start simcal-event-start-time\" data-event-start=\"1776855600\" data-event-format=\"g:i a\" itemprop=\"startDate\" content=\"2026-04-22T12:00:00+01:00\">12:00 pm<\/span><\/p><\/div>\n\t<\/li>\n<\/ul>\n\n\t\t<span class=\"simcal-events-dots\" style=\"display: none;\"><b style=\"color: #000;\"> &bull; <\/b><\/span>\n\t<\/div>\n<\/td>\n<td class=\"simcal-day-23 simcal-weekday-4 simcal-today simcal-present simcal-day\" data-events-count=\"0\">\n\t<div style=\"border: 1px solid #1e73be;\">\n\t\t<span class=\"simcal-day-label simcal-day-number\" style=\"background-color: #1e73be; color: #ffffff\">23<\/span>\n\t\t<span class=\"simcal-no-events\"><\/span>\n\t\t<span class=\"simcal-events-dots\" style=\"display: none;\"><\/span>\n\t<\/div>\n<\/td>\n<td class=\"simcal-day-24 simcal-weekday-5 simcal-future simcal-day simcal-day-has-events simcal-day-has-1-events simcal-events-calendar-2030\" data-events-count=\"1\">\n\t<div>\n\t\t<span class=\"simcal-day-label simcal-day-number\" style=\"background-color: #000000; color: #ffffff\">24<\/span>\n\t\t<ul class=\"simcal-events\">\t<li class=\"simcal-event simcal-event-has-location simcal-events-calendar-2030 simcal-tooltip\" itemscope itemtype=\"http:\/\/schema.org\/Event\">\n\t\t<span class=\"simcal-event-title\">Karim-Jean Armache<\/span>\n\t\t<div class=\"simcal-event-details simcal-tooltip-content\" style=\"display: none;\"><p><span class=\"simcal-event-start simcal-event-start-date\" data-event-start=\"1777042800\" data-event-format=\"M jS\" itemprop=\"startDate\" content=\"2026-04-24T16:00:00+01:00\">Apr 24th<\/span>: <strong><span class=\"simcal-event-title\" itemprop=\"name\">Karim-Jean Armache<\/span>\u00a0<\/strong><\/p>\n<ul>\n<li><div class=\"simcal-event-description\" itemprop=\"description\"><p>Chromatin-modifying complexes in gene activation and silencing<br \/><a href=\"https:\/\/us06web.zoom.us\/webinar\/register\/WN_AecbxUD6SUG_h07KO7ZPnw\">Register for Zoom webinar<\/a><\/p>\n<\/div><\/li>\n<li> <span class=\"simcal-event-address simcal-event-start-location\" itemprop=\"location\" itemscope itemtype=\"http:\/\/schema.org\/Place\"><meta itemprop=\"name\" content=\"NYU Grossman School of Medicine, New York\" \/><meta itemprop=\"address\" content=\"NYU Grossman School of Medicine, New York\" \/>NYU Grossman School of Medicine, New York<\/span>,\u00a0 <span class=\"simcal-event-start simcal-event-start-time\" data-event-start=\"1777042800\" data-event-format=\"g:i a\" itemprop=\"startDate\" content=\"2026-04-24T16:00:00+01:00\">4:00 pm<\/span><\/li>\n<\/ul><\/div>\n\t<\/li>\n<\/ul>\n\n\t\t<span class=\"simcal-events-dots\" style=\"display: none;\"><b style=\"color: #000;\"> &bull; <\/b><\/span>\n\t<\/div>\n<\/td>\n<td class=\"simcal-day-25 simcal-weekday-6 simcal-future simcal-day\" data-events-count=\"0\">\n\t<div>\n\t\t<span class=\"simcal-day-label simcal-day-number\">25<\/span>\n\t\t<span class=\"simcal-no-events\"><\/span>\n\t\t<span class=\"simcal-events-dots\" style=\"display: none;\"><\/span>\n\t<\/div>\n<\/td>\n<td class=\"simcal-day-26 simcal-weekday-0 simcal-future simcal-day\" data-events-count=\"0\">\n\t<div>\n\t\t<span class=\"simcal-day-label simcal-day-number\">26<\/span>\n\t\t<span class=\"simcal-no-events\"><\/span>\n\t\t<span class=\"simcal-events-dots\" style=\"display: none;\"><\/span>\n\t<\/div>\n<\/td>\n<\/tr><tr class=\"simcal-week simcal-week-17\">\n<td class=\"simcal-day-27 simcal-weekday-1 simcal-future simcal-day\" data-events-count=\"0\">\n\t<div>\n\t\t<span class=\"simcal-day-label simcal-day-number\">27<\/span>\n\t\t<span class=\"simcal-no-events\"><\/span>\n\t\t<span class=\"simcal-events-dots\" style=\"display: none;\"><\/span>\n\t<\/div>\n<\/td>\n<td class=\"simcal-day-28 simcal-weekday-2 simcal-future simcal-day\" data-events-count=\"0\">\n\t<div>\n\t\t<span class=\"simcal-day-label simcal-day-number\">28<\/span>\n\t\t<span class=\"simcal-no-events\"><\/span>\n\t\t<span class=\"simcal-events-dots\" style=\"display: none;\"><\/span>\n\t<\/div>\n<\/td>\n<td class=\"simcal-day-29 simcal-weekday-3 simcal-future simcal-day simcal-day-has-events simcal-day-has-1-events simcal-events-calendar-67\" data-events-count=\"1\">\n\t<div>\n\t\t<span class=\"simcal-day-label simcal-day-number\" style=\"background-color: #000000; color: #ffffff\">29<\/span>\n\t\t<ul class=\"simcal-events\">\t<li class=\"simcal-event simcal-events-calendar-67 simcal-tooltip\" itemscope itemtype=\"http:\/\/schema.org\/Event\">\n\t\t<span class=\"simcal-event-title\">Rowan Mac Gabhann (UF)<\/span>\n\t\t<div class=\"simcal-event-details simcal-tooltip-content\" style=\"display: none;\"><p><span class=\"simcal-event-start simcal-event-start-date\" data-event-start=\"1777460400\" data-event-format=\"M jS\" itemprop=\"startDate\" content=\"2026-04-29T12:00:00+01:00\">Apr 29th<\/span>: <strong><span class=\"simcal-event-title\" itemprop=\"name\">Rowan Mac Gabhann (UF)<\/span> <\/strong><span class=\"simcal-event-start simcal-event-start-time\" data-event-start=\"1777460400\" data-event-format=\"g:i a\" itemprop=\"startDate\" content=\"2026-04-29T12:00:00+01:00\">12:00 pm<\/span><\/p><\/div>\n\t<\/li>\n<\/ul>\n\n\t\t<span class=\"simcal-events-dots\" style=\"display: none;\"><b style=\"color: #000;\"> &bull; <\/b><\/span>\n\t<\/div>\n<\/td>\n<td class=\"simcal-day-30 simcal-weekday-4 simcal-future simcal-day\" data-events-count=\"0\">\n\t<div>\n\t\t<span class=\"simcal-day-label simcal-day-number\">30<\/span>\n\t\t<span class=\"simcal-no-events\"><\/span>\n\t\t<span class=\"simcal-events-dots\" style=\"display: none;\"><\/span>\n\t<\/div>\n<\/td>\n<td class=\"simcal-day simcal-day-void\"><\/td>\n<td class=\"simcal-day simcal-day-void\"><\/td>\n<td class=\"simcal-day simcal-day-void simcal-day-void-last\"><\/td>\n\t<\/tr>\n<\/tbody>\n\t \t\t\t\n            <\/table>\n\n\t\t\t<\/div>\n\n\n\n<p><\/p>","protected":false},"excerpt":{"rendered":"<p>Announcements Click here for all announcements. For more CCB news, follow us on Twitter! Upcoming Seminars: Click here for more details on seminars.<\/p>","protected":false},"author":1,"featured_media":0,"parent":0,"menu_order":0,"comment_status":"closed","ping_status":"closed","template":"","meta":{"_editorskit_title_hidden":false,"_editorskit_reading_time":0,"_editorskit_is_block_options_detached":false,"_editorskit_block_options_position":"{}","_eb_attr":"","_monsterinsights_skip_tracking":false,"_monsterinsights_sitenote_active":false,"_monsterinsights_sitenote_note":"","_monsterinsights_sitenote_category":0,"footnotes":""},"categories":[],"tags":[],"class_list":["post-11","page","type-page","status-publish","hentry"],"_links":{"self":[{"href":"https:\/\/chromosome.ie\/gae\/wp-json\/wp\/v2\/pages\/11","targetHints":{"allow":["GET"]}}],"collection":[{"href":"https:\/\/chromosome.ie\/gae\/wp-json\/wp\/v2\/pages"}],"about":[{"href":"https:\/\/chromosome.ie\/gae\/wp-json\/wp\/v2\/types\/page"}],"author":[{"embeddable":true,"href":"https:\/\/chromosome.ie\/gae\/wp-json\/wp\/v2\/users\/1"}],"replies":[{"embeddable":true,"href":"https:\/\/chromosome.ie\/gae\/wp-json\/wp\/v2\/comments?post=11"}],"version-history":[{"count":44,"href":"https:\/\/chromosome.ie\/gae\/wp-json\/wp\/v2\/pages\/11\/revisions"}],"predecessor-version":[{"id":2064,"href":"https:\/\/chromosome.ie\/gae\/wp-json\/wp\/v2\/pages\/11\/revisions\/2064"}],"wp:attachment":[{"href":"https:\/\/chromosome.ie\/gae\/wp-json\/wp\/v2\/media?parent=11"}],"wp:term":[{"taxonomy":"category","embeddable":true,"href":"https:\/\/chromosome.ie\/gae\/wp-json\/wp\/v2\/categories?post=11"},{"taxonomy":"post_tag","embeddable":true,"href":"https:\/\/chromosome.ie\/gae\/wp-json\/wp\/v2\/tags?post=11"}],"curies":[{"name":"wp","href":"https:\/\/api.w.org\/{rel}","templated":true}]}}