{"id":13,"date":"2022-12-24T16:50:53","date_gmt":"2022-12-24T16:50:53","guid":{"rendered":"https:\/\/ccb.flaus.net\/ccb2\/?page_id=13"},"modified":"2024-04-15T00:14:25","modified_gmt":"2024-04-14T23:14:25","slug":"about","status":"publish","type":"page","link":"https:\/\/chromosome.ie\/gae\/about\/","title":{"rendered":"Maidir linn"},"content":{"rendered":"<h3 class=\"wp-block-heading\"><a href=\"https:\/\/chromosome.ie\/gae\/about\/info\/\" class=\"ek-link\">Eolas<\/a><\/h3>\n\n\n\n<p>Su\u00edomh, Seoladh Baile, Teacht Anseo, Fanacht Anseo, Ollscoil na Gaillimhe<\/p>\n\n\n\n<p><\/p>\n\n\n\n<h3 class=\"wp-block-heading\"><a href=\"https:\/\/chromosome.ie\/gae\/about\/our-story\/\" class=\"ek-link\">\u00c1r Sc\u00e9al<\/a><\/h3>\n\n\n\n<p>Misean, Stair, agus C\u00e1il an Ionaid<\/p>\n\n\n\n<p><\/p>\n\n\n\n<h3 class=\"wp-block-heading\"><a href=\"https:\/\/chromosome.ie\/gae\/about\/chromosomes\/\" class=\"ek-link\">Cromas\u00f3im<\/a><\/h3>\n\n\n\n<p>C\u00e9ard is bitheola\u00edocht chromas\u00f3im agus c\u00e9n baint at\u00e1 ag \u00e1r nIonad leis?<\/p>","protected":false},"excerpt":{"rendered":"<p>Info Location, Address, Getting Here, Staying Here, University of Galway Our Story Our Mission, Our History, Our Reputation Chromosomes What is chromosome biology and how does the CCB contribute to it?<\/p>","protected":false},"author":1,"featured_media":0,"parent":0,"menu_order":0,"comment_status":"closed","ping_status":"closed","template":"template-nosidebar.php","meta":{"_editorskit_title_hidden":false,"_editorskit_reading_time":0,"_editorskit_is_block_options_detached":false,"_editorskit_block_options_position":"{}","_eb_attr":"","_monsterinsights_skip_tracking":false,"_monsterinsights_sitenote_active":false,"_monsterinsights_sitenote_note":"","_monsterinsights_sitenote_category":0,"footnotes":""},"categories":[],"tags":[],"class_list":["post-13","page","type-page","status-publish","hentry"],"_links":{"self":[{"href":"https:\/\/chromosome.ie\/gae\/wp-json\/wp\/v2\/pages\/13","targetHints":{"allow":["GET"]}}],"collection":[{"href":"https:\/\/chromosome.ie\/gae\/wp-json\/wp\/v2\/pages"}],"about":[{"href":"https:\/\/chromosome.ie\/gae\/wp-json\/wp\/v2\/types\/page"}],"author":[{"embeddable":true,"href":"https:\/\/chromosome.ie\/gae\/wp-json\/wp\/v2\/users\/1"}],"replies":[{"embeddable":true,"href":"https:\/\/chromosome.ie\/gae\/wp-json\/wp\/v2\/comments?post=13"}],"version-history":[{"count":7,"href":"https:\/\/chromosome.ie\/gae\/wp-json\/wp\/v2\/pages\/13\/revisions"}],"predecessor-version":[{"id":1359,"href":"https:\/\/chromosome.ie\/gae\/wp-json\/wp\/v2\/pages\/13\/revisions\/1359"}],"wp:attachment":[{"href":"https:\/\/chromosome.ie\/gae\/wp-json\/wp\/v2\/media?parent=13"}],"wp:term":[{"taxonomy":"category","embeddable":true,"href":"https:\/\/chromosome.ie\/gae\/wp-json\/wp\/v2\/categories?post=13"},{"taxonomy":"post_tag","embeddable":true,"href":"https:\/\/chromosome.ie\/gae\/wp-json\/wp\/v2\/tags?post=13"}],"curies":[{"name":"wp","href":"https:\/\/api.w.org\/{rel}","templated":true}]}}