{"id":1789,"date":"2025-03-03T15:03:12","date_gmt":"2025-03-03T15:03:12","guid":{"rendered":"https:\/\/chromosome.ie\/?page_id=1789"},"modified":"2025-04-09T10:23:02","modified_gmt":"2025-04-09T09:23:02","slug":"associate-members","status":"publish","type":"page","link":"https:\/\/chromosome.ie\/gae\/groups\/associate-members\/","title":{"rendered":"Gr\u00fapa\u00ed Comhlacha"},"content":{"rendered":"<div class=\"wp-block-columns is-layout-flex wp-container-core-columns-is-layout-9d6595d7 wp-block-columns-is-layout-flex\">\n<div class=\"wp-block-column is-layout-flow wp-block-column-is-layout-flow\" style=\"flex-basis:27%\">\n<figure class=\"wp-block-image size-full is-resized\"><img loading=\"lazy\" decoding=\"async\" width=\"945\" height=\"945\" src=\"https:\/\/chromosome.ie\/wp-content\/uploads\/2025\/03\/emerbourke-edited.jpg\" alt=\"\" class=\"wp-image-1863\" style=\"width:200px\" srcset=\"https:\/\/chromosome.ie\/wp-content\/uploads\/2025\/03\/emerbourke-edited.jpg 945w, https:\/\/chromosome.ie\/wp-content\/uploads\/2025\/03\/emerbourke-edited-300x300.jpg 300w, https:\/\/chromosome.ie\/wp-content\/uploads\/2025\/03\/emerbourke-edited-150x150.jpg 150w, https:\/\/chromosome.ie\/wp-content\/uploads\/2025\/03\/emerbourke-edited-768x768.jpg 768w, https:\/\/chromosome.ie\/wp-content\/uploads\/2025\/03\/emerbourke-edited-12x12.jpg 12w, https:\/\/chromosome.ie\/wp-content\/uploads\/2025\/03\/emerbourke-edited-600x600.jpg 600w\" sizes=\"auto, (max-width: 945px) 100vw, 945px\" \/><\/figure>\n<\/div>\n\n\n\n<div class=\"wp-block-column is-layout-flow wp-block-column-is-layout-flow\" style=\"flex-basis:66.66%\">\n<p class=\"has-regular-font-size\"><strong>Dr. Emer Bourke<\/strong><br>L\u00e9acht\u00f3ir le Paiteola\u00edocht<br><a href=\"mailto:emer.bourke@universityofgalway.ie\">emer.bourke@universityofgalway.ie<\/a>  <br><a href=\"https:\/\/www.universityofgalway.ie\/our-research\/people\/emerbourke\/\" target=\"_blank\" rel=\"noreferrer noopener\">Pr\u00f3f\u00edl Ollscoile<\/a><br>\u00c1bhar Sp\u00e9ise: Rial\u00fa na gCeintreas\u00f3m<br><a href=\"https:\/\/www.universityofgalway.ie\/medicine-nursing-and-health-sciences\/medicine\/ourschool\/disciplines\/pathology\/research2\/emerbourke\/\" target=\"_blank\" rel=\"noreferrer noopener\">Su\u00edomh Taighde<\/a><br><br><\/p>\n<\/div>\n<\/div>\n\n\n\n<div class=\"wp-block-columns is-layout-flex wp-container-core-columns-is-layout-9d6595d7 wp-block-columns-is-layout-flex\">\n<div class=\"wp-block-column is-layout-flow wp-block-column-is-layout-flow\" style=\"flex-basis:27%\">\n<figure class=\"wp-block-image size-large is-resized\"><img loading=\"lazy\" decoding=\"async\" width=\"2048\" height=\"2048\" src=\"https:\/\/chromosome.ie\/wp-content\/uploads\/2025\/03\/helendodson-edited.jpg\" alt=\"\" class=\"wp-image-1891\" style=\"width:200px\" srcset=\"https:\/\/chromosome.ie\/wp-content\/uploads\/2025\/03\/helendodson-edited.jpg 2048w, https:\/\/chromosome.ie\/wp-content\/uploads\/2025\/03\/helendodson-edited-300x300.jpg 300w, https:\/\/chromosome.ie\/wp-content\/uploads\/2025\/03\/helendodson-edited-1024x1024.jpg 1024w, https:\/\/chromosome.ie\/wp-content\/uploads\/2025\/03\/helendodson-edited-150x150.jpg 150w, https:\/\/chromosome.ie\/wp-content\/uploads\/2025\/03\/helendodson-edited-768x768.jpg 768w, https:\/\/chromosome.ie\/wp-content\/uploads\/2025\/03\/helendodson-edited-1536x1536.jpg 1536w, https:\/\/chromosome.ie\/wp-content\/uploads\/2025\/03\/helendodson-edited-12x12.jpg 12w, https:\/\/chromosome.ie\/wp-content\/uploads\/2025\/03\/helendodson-edited-600x600.jpg 600w, https:\/\/chromosome.ie\/wp-content\/uploads\/2025\/03\/helendodson-edited-945x945.jpg 945w\" sizes=\"auto, (max-width: 2048px) 100vw, 2048px\" \/><\/figure>\n<\/div>\n\n\n\n<div class=\"wp-block-column is-layout-flow wp-block-column-is-layout-flow\" style=\"flex-basis:66.66%\">\n<p><strong>Dr. Helen Dodson<\/strong><br>L\u00e9acht\u00f3ir le hAnatama\u00edocht<br><a href=\"mailto:helen.dodson@universityofgalway.ie\">helen.dodson@universityofgalway.ie<\/a> <br><a href=\"https:\/\/www.universityofgalway.ie\/our-research\/people\/medicine\/helendodson\/\" target=\"_blank\" rel=\"noreferrer noopener\">Pr\u00f3f\u00edl Ollscoile<\/a><br>\u00c1bhar Sp\u00e9ise: Seasmhacht an Gh\u00e9an\u00f3im<br><a href=\"https:\/\/research.universityofgalway.ie\/en\/persons\/helen-dodson\" target=\"_blank\" rel=\"noreferrer noopener\">Su\u00edomh Taighde<\/a><br><\/p>\n<\/div>\n<\/div>\n\n\n\n<div style=\"height:20px\" aria-hidden=\"true\" class=\"wp-block-spacer\"><\/div>\n\n\n\n<div class=\"wp-block-columns is-layout-flex wp-container-core-columns-is-layout-9d6595d7 wp-block-columns-is-layout-flex\">\n<div class=\"wp-block-column is-layout-flow wp-block-column-is-layout-flow\" style=\"flex-basis:27%\">\n<figure class=\"wp-block-image size-full is-resized\"><img loading=\"lazy\" decoding=\"async\" width=\"450\" height=\"450\" src=\"https:\/\/chromosome.ie\/wp-content\/uploads\/2025\/03\/andrewflaus-edited.jpg\" alt=\"\" class=\"wp-image-1893\" style=\"width:200px\" srcset=\"https:\/\/chromosome.ie\/wp-content\/uploads\/2025\/03\/andrewflaus-edited.jpg 450w, https:\/\/chromosome.ie\/wp-content\/uploads\/2025\/03\/andrewflaus-edited-300x300.jpg 300w, https:\/\/chromosome.ie\/wp-content\/uploads\/2025\/03\/andrewflaus-edited-150x150.jpg 150w, https:\/\/chromosome.ie\/wp-content\/uploads\/2025\/03\/andrewflaus-edited-12x12.jpg 12w\" sizes=\"auto, (max-width: 450px) 100vw, 450px\" \/><\/figure>\n<\/div>\n\n\n\n<div class=\"wp-block-column is-layout-flow wp-block-column-is-layout-flow\" style=\"flex-basis:66.66%\">\n<p><strong>Dr. Andrew Flaus<\/strong><br>L\u00e9acht\u00f3ir le Bithcheimic<br><a href=\"mailto:andrew.flaus@universityofgalway.ie\">andrew.flaus@universityofgalway.ie<\/a> <br><a href=\"https:\/\/www.universityofgalway.ie\/our-research\/people\/biological-chemical-sciences\/andrewflaus\/\" target=\"_blank\" rel=\"noreferrer noopener\">Pr\u00f3f\u00edl Ollscoile<\/a><br>\u00c1bhar Sp\u00e9ise: Rial\u00fa na N\u00faicl\u00e9as\u00f3m<br><a href=\"https:\/\/research.universityofgalway.ie\/en\/persons\/andrew-flaus-3\" target=\"_blank\" rel=\"noreferrer noopener\">Su\u00edomh Taighde<\/a><\/p>\n<\/div>\n<\/div>","protected":false},"excerpt":{"rendered":"<p>Dr. Emer BourkeLecturer in Pathologyemer.bourke@universityofgalway.ie University ProfileResearch Interest: Centrosome RegulationResearch Webpage Dr. Helen DodsonLecturer in Anatomyhelen.dodson@universityofgalway.ie University ProfileResearch Interest: Genome StabilityResearch Webpage Dr. Andrew FlausLecturer in Biochemistryandrew.flaus@universityofgalway.ie University ProfileResearch Interest: Nucleosome RegulationResearch Webpage<\/p>","protected":false},"author":3,"featured_media":0,"parent":7,"menu_order":0,"comment_status":"closed","ping_status":"closed","template":"","meta":{"_editorskit_title_hidden":false,"_editorskit_reading_time":0,"_editorskit_is_block_options_detached":false,"_editorskit_block_options_position":"{}","_eb_attr":"","_monsterinsights_skip_tracking":false,"_monsterinsights_sitenote_active":false,"_monsterinsights_sitenote_note":"","_monsterinsights_sitenote_category":0,"footnotes":""},"categories":[],"tags":[],"class_list":["post-1789","page","type-page","status-publish","hentry"],"_links":{"self":[{"href":"https:\/\/chromosome.ie\/gae\/wp-json\/wp\/v2\/pages\/1789","targetHints":{"allow":["GET"]}}],"collection":[{"href":"https:\/\/chromosome.ie\/gae\/wp-json\/wp\/v2\/pages"}],"about":[{"href":"https:\/\/chromosome.ie\/gae\/wp-json\/wp\/v2\/types\/page"}],"author":[{"embeddable":true,"href":"https:\/\/chromosome.ie\/gae\/wp-json\/wp\/v2\/users\/3"}],"replies":[{"embeddable":true,"href":"https:\/\/chromosome.ie\/gae\/wp-json\/wp\/v2\/comments?post=1789"}],"version-history":[{"count":26,"href":"https:\/\/chromosome.ie\/gae\/wp-json\/wp\/v2\/pages\/1789\/revisions"}],"predecessor-version":[{"id":1939,"href":"https:\/\/chromosome.ie\/gae\/wp-json\/wp\/v2\/pages\/1789\/revisions\/1939"}],"up":[{"embeddable":true,"href":"https:\/\/chromosome.ie\/gae\/wp-json\/wp\/v2\/pages\/7"}],"wp:attachment":[{"href":"https:\/\/chromosome.ie\/gae\/wp-json\/wp\/v2\/media?parent=1789"}],"wp:term":[{"taxonomy":"category","embeddable":true,"href":"https:\/\/chromosome.ie\/gae\/wp-json\/wp\/v2\/categories?post=1789"},{"taxonomy":"post_tag","embeddable":true,"href":"https:\/\/chromosome.ie\/gae\/wp-json\/wp\/v2\/tags?post=1789"}],"curies":[{"name":"wp","href":"https:\/\/api.w.org\/{rel}","templated":true}]}}