{"id":7,"date":"2022-12-24T16:46:11","date_gmt":"2022-12-24T16:46:11","guid":{"rendered":"https:\/\/ccb.flaus.net\/ccb2\/?page_id=7"},"modified":"2025-03-07T16:32:36","modified_gmt":"2025-03-07T16:32:36","slug":"groups","status":"publish","type":"page","link":"https:\/\/chromosome.ie\/gae\/groups\/","title":{"rendered":"Cro\u00edghr\u00fapa\u00ed"},"content":{"rendered":"<div class=\"abcfslGridCntr  abcfslMLRAuto slv174_t101_LI abcfslGridCntr_101\"><div id=\"abcfslGridItemsCntr_101\" class=\"abcfslGridItemsCntr\"><div class=\"abcfslGCol abcfslItemCntrLst abcfslPadBMB30 abcfClrFix\"><div class=\"abcfslLstCol abcfslLstCol-3 abcfslImgColLst\"><div class=\"abcfslImgCntrLst abcfslMLRPc\"><img decoding=\"async\"  src=\"https:\/\/chromosome.ie\/wp-content\/uploads\/2024\/03\/Michael-Carty-3-300x300.jpg\" alt=\"\" itemprop=\"image\"  \/><\/div><\/div><div class=\"abcfslLstCol abcfslLstCol-9 abcfslTxtColLst\"><div class=\"abcfslTxtCntrLst  abcfslPadLPc5\"><div class=\"POSTTITLE-F2\">Michael Carty<\/div><div class=\"EM-F3\"><a href=\"mailto:michael.carty@universityofgalway.ie\">michael.carty@universityofgalway.ie<\/a><\/div><div class=\"T-F7\">Ailse &amp; Ceimiteiripe<\/div><div class=\"TH-F5\"><a href=\"https:\/\/chromosome.ie\/gae\/groups\/carty\/\">Tuilleadh Eolais<\/a><\/div><div class=\"TH-F8\"><a href=\"https:\/\/www.universityofgalway.ie\/our-research\/people\/biological-chemical-sciences\/michaelcarty\/\" target=\"_blank\" rel=\"noopener\">Leathnach Gr\u00e9as\u00e1in Ollscoil na Gaillimhe<\/a><\/div><\/div><\/div><\/div><div class=\"abcfslGCol abcfslItemCntrLst abcfslPadBMB30 abcfClrFix\"><div class=\"abcfslLstCol abcfslLstCol-3 abcfslImgColLst\"><div class=\"abcfslImgCntrLst abcfslMLRPc\"><img decoding=\"async\"  src=\"https:\/\/chromosome.ie\/wp-content\/uploads\/2024\/04\/uri-frank-background-removebg-preview-e1710796132982-edited-300x300.png\" alt=\"\" itemprop=\"image\"  \/><\/div><\/div><div class=\"abcfslLstCol abcfslLstCol-9 abcfslTxtColLst\"><div class=\"abcfslTxtCntrLst  abcfslPadLPc5\"><div class=\"POSTTITLE-F2\">Uri Frank<\/div><div class=\"EM-F3\"><a href=\"mailto:uri.frank@universityofgalway.ie\">uri.frank@universityofgalway.ie<\/a><\/div><div class=\"T-F7\">Difre\u00e1il &amp; Forbairt<\/div><div class=\"TH-F5\"><a href=\"https:\/\/chromosome.ie\/gae\/groups\/frank\/\">Tuilleadh Eolais<\/a><\/div><div class=\"TH-F6\"><a href=\"https:\/\/www.urifranklab.org\" target=\"_blank\" rel=\"noopener\">Su\u00edomh Pearsanta don Ghr\u00fapa<\/a><\/div><div class=\"TH-F8\"><a href=\"https:\/\/www.universityofgalway.ie\/our-research\/people\/natural-sciences\/urifrank\/\" target=\"_blank\" rel=\"noopener\">Leathnach Gr\u00e9as\u00e1in Ollscoil na Gaillimhe<\/a><\/div><\/div><\/div><\/div><div class=\"abcfslGCol abcfslItemCntrLst abcfslPadBMB30 abcfClrFix\"><div class=\"abcfslLstCol abcfslLstCol-3 abcfslImgColLst\"><div class=\"abcfslImgCntrLst abcfslMLRPc\"><img decoding=\"async\"  src=\"https:\/\/chromosome.ie\/wp-content\/uploads\/2024\/04\/elaine-e1710802025827-edited-1-300x300.jpg\" alt=\"Elaine Dunleavy\"  itemprop=\"image\"  \/><\/div><\/div><div class=\"abcfslLstCol abcfslLstCol-9 abcfslTxtColLst\"><div class=\"abcfslTxtCntrLst  abcfslPadLPc5\"><div class=\"POSTTITLE-F2\">Elaine Dunleavy<\/div><div class=\"EM-F3\"><a href=\"mailto:elaine.dunleavy@universityofgalway.ie\">elaine.dunleavy@universityofgalway.ie<\/a><\/div><div class=\"T-F7\">Centrim\u00edr\u00ed Geirml\u00edne<\/div><div class=\"TH-F5\"><a href=\"https:\/\/chromosome.ie\/gae\/groups\/dunleavy\/\">Tuilleadh Eolais<\/a><\/div><div class=\"TH-F8\"><a href=\"https:\/\/www.universityofgalway.ie\/our-research\/people\/biological-chemical-sciences\/elainedunleavy\/\" target=\"_blank\" rel=\"noopener\">Leathnach Gr\u00e9as\u00e1in Ollscoil na Gaillimhe<\/a><\/div><\/div><\/div><\/div><div class=\"abcfslGCol abcfslItemCntrLst abcfslPadBMB30 abcfClrFix\"><div class=\"abcfslLstCol abcfslLstCol-3 abcfslImgColLst\"><div class=\"abcfslImgCntrLst abcfslMLRPc\"><img decoding=\"async\"  src=\"https:\/\/chromosome.ie\/wp-content\/uploads\/2024\/04\/noel-lowndes-headshot-edited-300x300.png\" alt=\"\" itemprop=\"image\"  \/><\/div><\/div><div class=\"abcfslLstCol abcfslLstCol-9 abcfslTxtColLst\"><div class=\"abcfslTxtCntrLst  abcfslPadLPc5\"><div class=\"POSTTITLE-F2\">Noel Lowndes<\/div><div class=\"EM-F3\"><a href=\"mailto:noel.lowndes@universityofgalway.ie\">noel.lowndes@universityofgalway.ie<\/a><\/div><div class=\"T-F7\">An Fhreagairt ar Dham\u00e1iste DNA<\/div><div class=\"TH-F5\"><a href=\"https:\/\/chromosome.ie\/gae\/groups\/lowndes\/\">Tuilleadh Eolais<\/a><\/div><div class=\"TH-F8\"><a href=\"https:\/\/www.universityofgalway.ie\/our-research\/people\/biological-chemical-sciences\/noellowndes\/\" target=\"_blank\" rel=\"noopener\">Leathnach Gr\u00e9as\u00e1in Ollscoil na Gaillimhe<\/a><\/div><\/div><\/div><\/div><div class=\"abcfslGCol abcfslItemCntrLst abcfslPadBMB30 abcfClrFix\"><div class=\"abcfslLstCol abcfslLstCol-3 abcfslImgColLst\"><div class=\"abcfslImgCntrLst abcfslMLRPc\"><img decoding=\"async\"  src=\"https:\/\/chromosome.ie\/wp-content\/uploads\/2024\/04\/Mcstay-Leaves-e1711994599570-edited-2-300x300.png\" alt=\"\" itemprop=\"image\"  \/><\/div><\/div><div class=\"abcfslLstCol abcfslLstCol-9 abcfslTxtColLst\"><div class=\"abcfslTxtCntrLst  abcfslPadLPc5\"><div class=\"POSTTITLE-F2\">Brian McStay<\/div><div class=\"EM-F3\"><a href=\"mailto:brian.mcstay@universityofgalway.ie\">brian.mcstay@universityofgalway.ie<\/a><\/div><div class=\"T-F7\">Cr\u00f3mas\u00f3im Acraiceintreach &amp; N\u00faicl\u00edn\u00ed<\/div><div class=\"TH-F5\"><a href=\"https:\/\/chromosome.ie\/gae\/groups\/mcstay\/\">Tuilleadh Eolais<\/a><\/div><div class=\"TH-F8\"><a href=\"https:\/\/www.universityofgalway.ie\/our-research\/people\/biological-chemical-sciences\/brianmcstay\/\" target=\"_blank\" rel=\"noopener\">Leathnach Gr\u00e9as\u00e1in Ollscoil na Gaillimhe<\/a><\/div><\/div><\/div><\/div><div class=\"abcfslGCol abcfslItemCntrLst abcfslPadBMB30 abcfClrFix\"><div class=\"abcfslLstCol abcfslLstCol-3 abcfslImgColLst\"><div class=\"abcfslImgCntrLst abcfslMLRPc\"><img decoding=\"async\"  src=\"https:\/\/chromosome.ie\/wp-content\/uploads\/2024\/03\/ciaranmorrison-300x300.jpg\" alt=\"\" itemprop=\"image\"  \/><\/div><\/div><div class=\"abcfslLstCol abcfslLstCol-9 abcfslTxtColLst\"><div class=\"abcfslTxtCntrLst  abcfslPadLPc5\"><div class=\"POSTTITLE-F2\">Ciaran Morrison<\/div><div class=\"EM-F3\"><a href=\"mailto:ciaran.morrison@universityofgalway.ie\">ciaran.morrison@universityofgalway.ie<\/a><\/div><div class=\"T-F7\">Strucht\u00far &amp; Rial\u00fa na gCeintreas\u00f3m<\/div><div class=\"TH-F5\"><a href=\"https:\/\/chromosome.ie\/gae\/groups\/morrison\/\">Tuilleadh Eolais<\/a><\/div><div class=\"TH-F8\"><a href=\"https:\/\/www.universityofgalway.ie\/our-research\/people\/biological-chemical-sciences\/ciaranmorrison\/\" target=\"_blank\" rel=\"noopener\">Leathnach Gr\u00e9as\u00e1in Ollscoil na Gaillimhe<\/a><\/div><\/div><\/div><\/div><div class=\"abcfslGCol abcfslItemCntrLst abcfslPadBMB30 abcfClrFix\"><div class=\"abcfslLstCol abcfslLstCol-3 abcfslImgColLst\"><div class=\"abcfslImgCntrLst abcfslMLRPc\"><img decoding=\"async\"  src=\"https:\/\/chromosome.ie\/wp-content\/uploads\/2024\/04\/corrado-better-edited-300x300.jpg\" alt=\"\" itemprop=\"image\"  \/><\/div><\/div><div class=\"abcfslLstCol abcfslLstCol-9 abcfslTxtColLst\"><div class=\"abcfslTxtCntrLst  abcfslPadLPc5\"><div class=\"POSTTITLE-F2\">Corrado Santocanale<\/div><div class=\"EM-F3\"><a href=\"mailto:corrado.santocanale@universityofgalway.ie\">corrado.santocanale@universityofgalway.ie<\/a><\/div><div class=\"T-F7\">Rial\u00fa ar Macasamhl\u00fa DNA<\/div><div class=\"TH-F5\"><a href=\"https:\/\/chromosome.ie\/gae\/groups\/santocanale\/\">Tuilleadh Eolais<\/a><\/div><div class=\"TH-F6\"><a href=\"https:\/\/santocanalelab.net\/\" target=\"_blank\" rel=\"noopener\">Su\u00edomh Pearsanta don Ghr\u00fapa<\/a><\/div><div class=\"TH-F8\"><a href=\"https:\/\/www.universityofgalway.ie\/our-research\/people\/biological-chemical-sciences\/corradosantocanale\/\" target=\"_blank\" rel=\"noopener\">Leathnach Gr\u00e9as\u00e1in Ollscoil na Gaillimhe<\/a><\/div><\/div><\/div><\/div><div class=\"abcfslGCol abcfslItemCntrLst abcfslPadBMB30 abcfClrFix\"><div class=\"abcfslLstCol abcfslLstCol-3 abcfslImgColLst\"><div class=\"abcfslImgCntrLst abcfslMLRPc\"><img decoding=\"async\"  src=\"https:\/\/chromosome.ie\/wp-content\/uploads\/2024\/04\/james-gahan-e1710845024684-edited-300x300.jpg\" alt=\"\" itemprop=\"image\"  \/><\/div><\/div><div class=\"abcfslLstCol abcfslLstCol-9 abcfslTxtColLst\"><div class=\"abcfslTxtCntrLst  abcfslPadLPc5\"><div class=\"POSTTITLE-F2\">James Gahan<\/div><div class=\"EM-F3\"><a href=\"mailto:james.gahan@universityofgalway.ie\">james.gahan@universityofgalway.ie<\/a><\/div><div class=\"T-F7\">\u00c9abhl\u00f3id na Cr\u00f3maitine<\/div><div class=\"TH-F5\"><a href=\"https:\/\/chromosome.ie\/gae\/groups\/james-gahan\/\">Tuilleadh Eolais<\/a><\/div><div class=\"TH-F6\"><a href=\"https:\/\/gahanlab.com\/\" target=\"_blank\" rel=\"noopener\">Su\u00edomh Pearsanta don Ghr\u00fapa<\/a><\/div><\/div><\/div><\/div><div class=\"abcfslGCol abcfslItemCntrLst abcfslPadBMB30 abcfClrFix\"><div class=\"abcfslLstCol abcfslLstCol-3 abcfslImgColLst\"><div class=\"abcfslImgCntrLst abcfslMLRPc\"><img decoding=\"async\"  src=\"https:\/\/chromosome.ie\/wp-content\/uploads\/2025\/03\/Sara-Headshot-e1741358832133.png\" alt=\"\" itemprop=\"image\"  \/><\/div><\/div><div class=\"abcfslLstCol abcfslLstCol-9 abcfslTxtColLst\"><div class=\"abcfslTxtCntrLst  abcfslPadLPc5\"><div class=\"POSTTITLE-F2\">Sara Farrona<\/div><div class=\"EM-F3\"><a href=\"mailto:sara.farrona@universityofgalway.ie\">sara.farrona@universityofgalway.ie<\/a><\/div><div class=\"T-F7\">Plant Development Regulation<\/div><div class=\"TH-F5\"><a href=\"https:\/\/chromosome.ie\/gae\/groups\/farrona\/\">Tuilleadh Eolais<\/a><\/div><div class=\"TH-F6\"><a href=\"https:\/\/www.farronalab.org\/\" target=\"_blank\" rel=\"noopener\">Su\u00edomh Pearsanta don Ghr\u00fapa<\/a><\/div><div class=\"TH-F8\"><a href=\"https:\/\/www.universityofgalway.ie\/science-engineering\/staff-profiles\/sarafarrona\/\" target=\"_blank\" rel=\"noopener\">Leathnach Gr\u00e9as\u00e1in Ollscoil na Gaillimhe<\/a><\/div><\/div><\/div><\/div><div class=\"abcfslGCol abcfslItemCntrLst abcfslPadBMB30 abcfClrFix\"><div class=\"abcfslLstCol abcfslLstCol-3 abcfslImgColLst\"><div class=\"abcfslImgCntrLst abcfslMLRPc\"><img decoding=\"async\"  src=\"https:\/\/chromosome.ie\/wp-content\/uploads\/2026\/02\/Mihailo-300x300.jpg\" alt=\"\" itemprop=\"image\"  \/><\/div><\/div><div class=\"abcfslLstCol abcfslLstCol-9 abcfslTxtColLst\"><div class=\"abcfslTxtCntrLst  abcfslPadLPc5\"><div class=\"POSTTITLE-F2\">Mihailo Mirkovic<\/div><div class=\"EM-F3\"><a href=\"mailto:mihailo.mirkovic@universityofgalway\">mihailo.mirkovic@universityofgalway<\/a><\/div><div class=\"T-F7\">Chromosome instability<\/div><div class=\"TH-F5\"><a href=\"https:\/\/chromosome.ie\/gae\/groups\/mirkovic\/\">Tuilleadh Eolais<\/a><\/div><div class=\"TH-F8\"><a href=\"https:\/\/www.universityofgalway.ie\/our-research\/people\/biological-chemical-sciences\/mihailomirkovic\/\" target=\"_blank\" rel=\"noopener\">Leathnach Gr\u00e9as\u00e1in Ollscoil na Gaillimhe<\/a><\/div><\/div><\/div><\/div><\/div><\/div>","protected":false},"excerpt":{"rendered":"","protected":false},"author":1,"featured_media":0,"parent":0,"menu_order":0,"comment_status":"closed","ping_status":"closed","template":"","meta":{"_editorskit_title_hidden":false,"_editorskit_reading_time":0,"_editorskit_is_block_options_detached":false,"_editorskit_block_options_position":"{}","_eb_attr":"","_monsterinsights_skip_tracking":false,"_monsterinsights_sitenote_active":false,"_monsterinsights_sitenote_note":"","_monsterinsights_sitenote_category":0,"footnotes":""},"categories":[],"tags":[],"class_list":["post-7","page","type-page","status-publish","hentry"],"_links":{"self":[{"href":"https:\/\/chromosome.ie\/gae\/wp-json\/wp\/v2\/pages\/7","targetHints":{"allow":["GET"]}}],"collection":[{"href":"https:\/\/chromosome.ie\/gae\/wp-json\/wp\/v2\/pages"}],"about":[{"href":"https:\/\/chromosome.ie\/gae\/wp-json\/wp\/v2\/types\/page"}],"author":[{"embeddable":true,"href":"https:\/\/chromosome.ie\/gae\/wp-json\/wp\/v2\/users\/1"}],"replies":[{"embeddable":true,"href":"https:\/\/chromosome.ie\/gae\/wp-json\/wp\/v2\/comments?post=7"}],"version-history":[{"count":6,"href":"https:\/\/chromosome.ie\/gae\/wp-json\/wp\/v2\/pages\/7\/revisions"}],"predecessor-version":[{"id":1858,"href":"https:\/\/chromosome.ie\/gae\/wp-json\/wp\/v2\/pages\/7\/revisions\/1858"}],"wp:attachment":[{"href":"https:\/\/chromosome.ie\/gae\/wp-json\/wp\/v2\/media?parent=7"}],"wp:term":[{"taxonomy":"category","embeddable":true,"href":"https:\/\/chromosome.ie\/gae\/wp-json\/wp\/v2\/categories?post=7"},{"taxonomy":"post_tag","embeddable":true,"href":"https:\/\/chromosome.ie\/gae\/wp-json\/wp\/v2\/tags?post=7"}],"curies":[{"name":"wp","href":"https:\/\/api.w.org\/{rel}","templated":true}]}}