{"id":9,"date":"2022-12-24T16:49:56","date_gmt":"2022-12-24T16:49:56","guid":{"rendered":"https:\/\/ccb.flaus.net\/ccb2\/?page_id=9"},"modified":"2024-09-14T19:19:55","modified_gmt":"2024-09-14T18:19:55","slug":"facilities","status":"publish","type":"page","link":"https:\/\/chromosome.ie\/gae\/facilities\/","title":{"rendered":"\u00c1iseanna"},"content":{"rendered":"<p class=\"has-text-align-justify\"><strong>\u00c1ras na nEola\u00edochta\u00ed Bhithleighis<\/strong><br>T\u00e1 an tIonad lonnaithe sna sciath\u00e1in thuaidh agus theas ar bhunurl\u00e1r \u00c1ras na nEola\u00edochta\u00ed Bhithleighis, foirgneamh \u00farscothach a bhfuil toradh d\u2019infheist\u00edocht de \u20ac30M.\n\u00c9asca\u00edtear cumars\u00e1id agus chomhobair idir na taighdeoir\u00ed anseo leis an bplean url\u00e1r oscailte ar thaobh na saotharlann agus na sp\u00e1sanna mod\u00falach ar thaobh na n-oifig\u00ed.\nT\u00e1 gl\u00e9asra saotharlanna ginear\u00e1lta agus \u00e1irithe ag gach gr\u00fapa chomh maith leis na n-earra\u00ed agus gl\u00e9asra coitianta at\u00e1 le f\u00e1il ag gach \u00e9inne.<\/p>\n\n\n\n<div class=\"wp-block-columns is-style-gapless is-layout-flex wp-container-core-columns-is-layout-9d6595d7 wp-block-columns-is-layout-flex\">\n<div class=\"wp-block-column is-layout-flow wp-block-column-is-layout-flow\">\n<figure class=\"wp-block-image size-large is-resized\"><img loading=\"lazy\" decoding=\"async\" width=\"1024\" height=\"575\" src=\"https:\/\/chromosome.ie\/wp-content\/uploads\/2024\/04\/Sunny-BSB-edited-1024x575.png\" alt=\"\" class=\"wp-image-965\" style=\"width:420px\" srcset=\"https:\/\/chromosome.ie\/wp-content\/uploads\/2024\/04\/Sunny-BSB-edited-1024x575.png 1024w, https:\/\/chromosome.ie\/wp-content\/uploads\/2024\/04\/Sunny-BSB-edited-300x169.png 300w, https:\/\/chromosome.ie\/wp-content\/uploads\/2024\/04\/Sunny-BSB-edited-768x431.png 768w, https:\/\/chromosome.ie\/wp-content\/uploads\/2024\/04\/Sunny-BSB-edited-600x337.png 600w, https:\/\/chromosome.ie\/wp-content\/uploads\/2024\/04\/Sunny-BSB-edited-945x531.png 945w, https:\/\/chromosome.ie\/wp-content\/uploads\/2024\/04\/Sunny-BSB-edited.png 1150w\" sizes=\"auto, (max-width: 1024px) 100vw, 1024px\" \/><\/figure>\n<\/div>\n\n\n\n<div class=\"wp-block-column is-layout-flow wp-block-column-is-layout-flow\">\n<figure class=\"wp-block-image size-full is-resized\"><img loading=\"lazy\" decoding=\"async\" width=\"1024\" height=\"576\" src=\"https:\/\/chromosome.ie\/wp-content\/uploads\/2024\/04\/CCB-Lab-Office-edited.jpg\" alt=\"\" class=\"wp-image-970\" style=\"width:420px\" srcset=\"https:\/\/chromosome.ie\/wp-content\/uploads\/2024\/04\/CCB-Lab-Office-edited.jpg 1024w, https:\/\/chromosome.ie\/wp-content\/uploads\/2024\/04\/CCB-Lab-Office-edited-300x169.jpg 300w, https:\/\/chromosome.ie\/wp-content\/uploads\/2024\/04\/CCB-Lab-Office-edited-768x432.jpg 768w, https:\/\/chromosome.ie\/wp-content\/uploads\/2024\/04\/CCB-Lab-Office-edited-600x338.jpg 600w, https:\/\/chromosome.ie\/wp-content\/uploads\/2024\/04\/CCB-Lab-Office-edited-945x532.jpg 945w\" sizes=\"auto, (max-width: 1024px) 100vw, 1024px\" \/><\/figure>\n<\/div>\n<\/div>\n\n\n\n<p class=\"has-text-align-justify\"><strong>Saothr\u00e1n Ceall &amp; Coipeadh Lean\u00fanach<\/strong><br>T\u00e1 tr\u00ed sheomra do shaothr\u00e1n ceall ag an Ionad le roinnt cochall le sreabhadh lannach. T\u00e1 go leor gorad\u00e1in againn chomh maith chun baict\u00e9ir a shaothr\u00fa agus chun samhailorg\u00e1naigh a th\u00f3g\u00e1il, <em>Drosophila<\/em> agus <em>Hydractinia<\/em>ina leith\u00e9id. Le h\u00c1iseanna na scoile, is f\u00e9idir coipeadh lean\u00fanach a dh\u00e9anamh chun m\u00f3rbhaisc bithmhais a th\u00e1irgeadh.<\/p>\n\n\n\n<div class=\"wp-block-columns is-layout-flex wp-container-core-columns-is-layout-9d6595d7 wp-block-columns-is-layout-flex\">\n<div class=\"wp-block-column is-layout-flow wp-block-column-is-layout-flow\">\n<figure class=\"wp-block-image size-full\"><img loading=\"lazy\" decoding=\"async\" width=\"675\" height=\"380\" src=\"https:\/\/chromosome.ie\/wp-content\/uploads\/2024\/09\/Biotech-Fermenter-edited.jpg\" alt=\"\" class=\"wp-image-1662\" srcset=\"https:\/\/chromosome.ie\/wp-content\/uploads\/2024\/09\/Biotech-Fermenter-edited.jpg 675w, https:\/\/chromosome.ie\/wp-content\/uploads\/2024\/09\/Biotech-Fermenter-edited-300x169.jpg 300w, https:\/\/chromosome.ie\/wp-content\/uploads\/2024\/09\/Biotech-Fermenter-edited-18x10.jpg 18w, https:\/\/chromosome.ie\/wp-content\/uploads\/2024\/09\/Biotech-Fermenter-edited-600x338.jpg 600w\" sizes=\"auto, (max-width: 675px) 100vw, 675px\" \/><\/figure>\n<\/div>\n\n\n\n<div class=\"wp-block-column is-layout-flow wp-block-column-is-layout-flow\">\n<figure class=\"wp-block-image size-full\"><img loading=\"lazy\" decoding=\"async\" width=\"1024\" height=\"576\" src=\"https:\/\/chromosome.ie\/wp-content\/uploads\/2024\/09\/TC_BMS_Building_Curam-edited.jpg\" alt=\"\" class=\"wp-image-1663\" srcset=\"https:\/\/chromosome.ie\/wp-content\/uploads\/2024\/09\/TC_BMS_Building_Curam-edited.jpg 1024w, https:\/\/chromosome.ie\/wp-content\/uploads\/2024\/09\/TC_BMS_Building_Curam-edited-300x169.jpg 300w, https:\/\/chromosome.ie\/wp-content\/uploads\/2024\/09\/TC_BMS_Building_Curam-edited-768x432.jpg 768w, https:\/\/chromosome.ie\/wp-content\/uploads\/2024\/09\/TC_BMS_Building_Curam-edited-18x10.jpg 18w, https:\/\/chromosome.ie\/wp-content\/uploads\/2024\/09\/TC_BMS_Building_Curam-edited-600x338.jpg 600w, https:\/\/chromosome.ie\/wp-content\/uploads\/2024\/09\/TC_BMS_Building_Curam-edited-945x532.jpg 945w\" sizes=\"auto, (max-width: 1024px) 100vw, 1024px\" \/><\/figure>\n<\/div>\n<\/div>\n\n\n\n<p class=\"has-text-align-justify\"><strong>Micreasc\u00f3ipeacht<\/strong><br>T\u00e1 micreasc\u00f3ip ag gr\u00fapa\u00ed \u00e1irithe sna seomra\u00ed micreasc\u00f3ipeachta at\u00e1 ag an Ionad. Is f\u00e9idir le gach taighdeoir \u00fas\u00e1id a bhaint as an r\u00e9imse \u00e1iseanna at\u00e1 ag an <a href=\"https:\/\/imaging.universityofgalway.ie\/imaging\/\" class=\"ek-link\">ionad Anatama\u00edocht, \u00cdomh\u00e1\u00fa &amp; Micreasc\u00f3ipeacht<\/a> agus oili\u00faint, comhairle, agus cabhair a iarraidh ar na saineolaithe ann.<\/p>\n\n\n\n<details class=\"wp-block-details is-layout-flow wp-block-details-is-layout-flow\"><summary>Sonra\u00ed<br><\/summary>\n<div class=\"wp-block-columns is-layout-flex wp-container-core-columns-is-layout-9d6595d7 wp-block-columns-is-layout-flex\">\n<div class=\"wp-block-column is-layout-flow wp-block-column-is-layout-flow\">\n<ul class=\"wp-block-list\">\n<li>Laser Scanning Confocal Microscopy<\/li>\n\n\n\n<li>Spinning Disk Confocal Microscopy<\/li>\n\n\n\n<li>Widefield Microscopy<\/li>\n\n\n\n<li>Brightfield Microscopy<\/li>\n\n\n\n<li>Raman Microspectroscopy<\/li>\n<\/ul>\n<\/div>\n\n\n\n<div class=\"wp-block-column is-layout-flow wp-block-column-is-layout-flow\">\n<ul class=\"wp-block-list\">\n<li>Scanning Electron Microscopy&nbsp;<\/li>\n\n\n\n<li>Transmission Electron Microscopy<\/li>\n\n\n\n<li>Sample Preparation Facility<\/li>\n\n\n\n<li>Critical Point Drying&nbsp;<\/li>\n\n\n\n<li>BioWave Microwave Tissue Processing<\/li>\n<\/ul>\n<\/div>\n<\/div>\n\n\n\n<ul class=\"wp-block-list\">\n<li><\/li>\n<\/ul>\n<\/details>\n\n\n\n<div style=\"height:50px\" aria-hidden=\"true\" class=\"wp-block-spacer\"><\/div>\n\n\n\n<p class=\"has-text-align-justify\"><strong>G\u00e9an\u00f3ma\u00edocht<\/strong><br>T\u00e1 earra\u00ed g\u00e9an\u00f3ma\u00edocha ag gr\u00fapa\u00ed \u00e1irithe agus ina theannta sin, t\u00e1 teacht ag gach taighdeoir ar an <a href=\"https:\/\/www.universityofgalway.ie\/remedi\/facilities\/\" class=\"ek-link\">\u00c1is G\u00e9an\u00f3ma\u00edochta &amp; Scagth\u00e1st\u00e1la,<\/a> \u00e1it ina bhfuil go leor teichneola\u00edochta\u00ed ar f\u00e1il.<\/p>\n\n\n\n<details class=\"wp-block-details is-layout-flow wp-block-details-is-layout-flow\"><summary>Sonra\u00ed<br><\/summary>\n<div class=\"wp-block-columns is-layout-flex wp-container-core-columns-is-layout-9d6595d7 wp-block-columns-is-layout-flex\">\n<div class=\"wp-block-column is-layout-flow wp-block-column-is-layout-flow\">\n<ul class=\"wp-block-list\">\n<li>Rapid Plate &amp; Twister Arm Liquid Handling&nbsp;<\/li>\n\n\n\n<li>Agilent&nbsp;Bioanalyser&nbsp;<\/li>\n\n\n\n<li>Microarray Scanner and printer&nbsp;<\/li>\n\n\n\n<li>Real time quantitative PCR machine&nbsp;<\/li>\n\n\n\n<li>ABI 96 well real time PCR fast system&nbsp;<\/li>\n\n\n\n<li>PCR gel rigs, image capture &amp; densitometry<\/li>\n\n\n\n<li>Kodak IS4000MM Imaging<\/li>\n\n\n\n<li>Biorad Bioplex 200<\/li>\n<\/ul>\n<\/div>\n\n\n\n<div class=\"wp-block-column is-layout-flow wp-block-column-is-layout-flow\">\n<ul class=\"wp-block-list\">\n<li>Tali Image-Based Cytometer<\/li>\n\n\n\n<li>Janus Automated Liquid Handling<\/li>\n\n\n\n<li>Operetta High-Content Imager&nbsp;<\/li>\n\n\n\n<li>Victor X5 Multilabel Reader<\/li>\n\n\n\n<li>StepOne Plus qPCR System<\/li>\n\n\n\n<li>LightCycler 480 qPCR System<\/li>\n\n\n\n<li>Bioanalyzer 2100<\/li>\n<\/ul>\n<\/div>\n<\/div>\n<\/details>\n\n\n\n<div style=\"height:40px\" aria-hidden=\"true\" class=\"wp-block-spacer\"><\/div>\n\n\n\n<figure class=\"wp-block-image size-full\"><img loading=\"lazy\" decoding=\"async\" width=\"900\" height=\"183\" src=\"https:\/\/chromosome.ie\/wp-content\/uploads\/2024\/04\/Screen.png\" alt=\"\" class=\"wp-image-1016\" srcset=\"https:\/\/chromosome.ie\/wp-content\/uploads\/2024\/04\/Screen.png 900w, https:\/\/chromosome.ie\/wp-content\/uploads\/2024\/04\/Screen-300x61.png 300w, https:\/\/chromosome.ie\/wp-content\/uploads\/2024\/04\/Screen-768x156.png 768w, https:\/\/chromosome.ie\/wp-content\/uploads\/2024\/04\/Screen-600x122.png 600w\" sizes=\"auto, (max-width: 900px) 100vw, 900px\" \/><\/figure>\n\n\n\n<div style=\"height:40px\" aria-hidden=\"true\" class=\"wp-block-spacer\"><\/div>\n\n\n\n<p class=\"has-text-align-justify\"><strong>C\u00edtim\u00e9adracht Sreibhe<\/strong><br>T\u00e1 teacht ag gach taighdeoir ar an <a href=\"https:\/\/www.universityofgalway.ie\/remedi\/facilities\/\" class=\"ek-link\">\u00c1is Chitim\u00e9adracht Sreibhe,<\/a> \u00e1it ina bhfuil go leor teichneola\u00edochta\u00ed ar f\u00e1il.<\/p>\n\n\n\n<details class=\"wp-block-details is-layout-flow wp-block-details-is-layout-flow\"><summary>Sonra\u00ed<br><\/summary>\n<div class=\"wp-block-columns is-layout-flex wp-container-core-columns-is-layout-9d6595d7 wp-block-columns-is-layout-flex\">\n<div class=\"wp-block-column is-layout-flow wp-block-column-is-layout-flow\">\n<ul class=\"wp-block-list\">\n<li>BD FACS Aria&nbsp;II<\/li>\n\n\n\n<li>BD FACS CANTO II&nbsp;<\/li>\n\n\n\n<li>BD&nbsp;Accuri&nbsp;C6 Flow Cytometer<\/li>\n<\/ul>\n<\/div>\n\n\n\n<div class=\"wp-block-column is-layout-flow wp-block-column-is-layout-flow\">\n<ul class=\"wp-block-list\">\n<li>Cytek&nbsp;Northern Lights 3000&nbsp;<\/li>\n\n\n\n<li>Cytek&nbsp;Northern Lights 2000<\/li>\n<\/ul>\n<\/div>\n<\/div>\n<\/details>\n\n\n\n<div style=\"height:50px\" aria-hidden=\"true\" class=\"wp-block-spacer\"><\/div>\n\n\n\n<p class=\"has-text-align-justify\"><strong>\u00c1is na dTeicneola\u00edochta\u00ed Anail\u00edseach<\/strong><br>T\u00e1 teacht ag gach taighdeoir ar na <a href=\"https:\/\/www.universityofgalway.ie\/science-engineering\/schoolofbiologicalandchemicalsciences\/sbcscorefacility\/\" class=\"ek-link\">h\u00e1iseanna anail\u00edseahca na scoile.<\/a> T\u00e1 na teichneola\u00edochta\u00ed seo a leanas ar fail: mais-speictrim\u00e9adracht, athshondas maighn\u00e9adach n\u00faicl\u00e9ach, speictreasc\u00f3pacht x-ghathach.<\/p>\n\n\n\n<details class=\"wp-block-details is-layout-flow wp-block-details-is-layout-flow\"><summary>Sonra\u00ed<\/summary>\n<p><\/p>\n\n\n\n<p>Mass Spectrometry<\/p>\n\n\n\n<ul class=\"wp-block-list\">\n<li>Agilent 1200 UHPLC with Agilent 6540 APCI HRMS QToF<\/li>\n\n\n\n<li>Agilent 1200 UHPLC with Agilent 6530 APCI HRMS QToF and DAD<\/li>\n\n\n\n<li>Agilent 7890A GC with 5975L inert XL EI\/CI MSD<\/li>\n<\/ul>\n\n\n\n<p>NMR Imaging<\/p>\n\n\n\n<ul class=\"wp-block-list\">\n<li>JEOL NMR ECZ-S 400 Spectrometer, Autotune\u2122 Royal\u2122 5mm RT Probe<\/li>\n\n\n\n<li>Agilent VNMRS 500MHz, OneNMR Probe, HCN Probe<\/li>\n\n\n\n<li>Agilent DD2 NMR 600MHz, 1H(13C\/15N) 5mm 13C Enh Cold Probe, HCN Probe<\/li>\n<\/ul>\n\n\n\n<p>X-Ray Spectroscopy <\/p>\n\n\n\n<ul class=\"wp-block-list\">\n<li>XCalibur S Single Crystal X-Ray Diffractometer, Enhanced Mo source (3 kW), 50kV, 40 mA, 2 kW (max. output), Sapphire 2 CCDC Detector<\/li>\n<\/ul>\n<\/details>\n\n\n\n<p><\/p>","protected":false},"excerpt":{"rendered":"<p>Biosciences BuildingThis purpose-built, state-of-the-art, \u20ac30M building is home to the CCB which spans the North and South wings of the ground floor. The open-plan laboratory and cubby-style office space allows for regular communication and collaboration amongst researchers of all groups&#8230; <a class=\"more-link\" href=\"https:\/\/chromosome.ie\/gae\/facilities\/\">Continue Reading &rarr;<\/a><\/p>","protected":false},"author":1,"featured_media":0,"parent":0,"menu_order":0,"comment_status":"closed","ping_status":"closed","template":"template-nosidebar.php","meta":{"_editorskit_title_hidden":false,"_editorskit_reading_time":0,"_editorskit_is_block_options_detached":false,"_editorskit_block_options_position":"{}","_eb_attr":"","_monsterinsights_skip_tracking":false,"_monsterinsights_sitenote_active":false,"_monsterinsights_sitenote_note":"","_monsterinsights_sitenote_category":0,"footnotes":""},"categories":[],"tags":[],"class_list":["post-9","page","type-page","status-publish","hentry"],"_links":{"self":[{"href":"https:\/\/chromosome.ie\/gae\/wp-json\/wp\/v2\/pages\/9","targetHints":{"allow":["GET"]}}],"collection":[{"href":"https:\/\/chromosome.ie\/gae\/wp-json\/wp\/v2\/pages"}],"about":[{"href":"https:\/\/chromosome.ie\/gae\/wp-json\/wp\/v2\/types\/page"}],"author":[{"embeddable":true,"href":"https:\/\/chromosome.ie\/gae\/wp-json\/wp\/v2\/users\/1"}],"replies":[{"embeddable":true,"href":"https:\/\/chromosome.ie\/gae\/wp-json\/wp\/v2\/comments?post=9"}],"version-history":[{"count":49,"href":"https:\/\/chromosome.ie\/gae\/wp-json\/wp\/v2\/pages\/9\/revisions"}],"predecessor-version":[{"id":1671,"href":"https:\/\/chromosome.ie\/gae\/wp-json\/wp\/v2\/pages\/9\/revisions\/1671"}],"wp:attachment":[{"href":"https:\/\/chromosome.ie\/gae\/wp-json\/wp\/v2\/media?parent=9"}],"wp:term":[{"taxonomy":"category","embeddable":true,"href":"https:\/\/chromosome.ie\/gae\/wp-json\/wp\/v2\/categories?post=9"},{"taxonomy":"post_tag","embeddable":true,"href":"https:\/\/chromosome.ie\/gae\/wp-json\/wp\/v2\/tags?post=9"}],"curies":[{"name":"wp","href":"https:\/\/api.w.org\/{rel}","templated":true}]}}