{"id":940,"date":"2024-04-04T23:21:16","date_gmt":"2024-04-04T22:21:16","guid":{"rendered":"https:\/\/chromosome.ie\/?page_id=940"},"modified":"2024-07-16T15:06:14","modified_gmt":"2024-07-16T14:06:14","slug":"info","status":"publish","type":"page","link":"https:\/\/chromosome.ie\/gae\/about\/info\/","title":{"rendered":"Eolas"},"content":{"rendered":"<h3 class=\"wp-block-heading\">Su\u00edomh<\/h3>\n\n\n\n<p class=\"has-text-align-justify\">T\u00e1 an t-ionad lonnaithe in \u00c1ras na nEola\u00edochta\u00ed Bhithleighis at\u00e1 suite ar an gcampas thuaidh den Ollscoil na Gaillimhe<\/p>\n\n\n\n<iframe src=\"https:\/\/www.google.com\/maps\/embed?pb=!1m18!1m12!1m3!1d2385.0536226113954!2d-9.071092024293879!3d53.28857447904586!2m3!1f0!2f0!3f0!3m2!1i1024!2i768!4f13.1!3m3!1m2!1s0x485b968bc5e187f9%3A0xc93e0f1915d818d3!2sBiomedical%20Sciences%2C%20University%20of%20Galway!5e0!3m2!1sen!2sie!4v1712756956612!5m2!1sen!2sie\" width=\"800\" height=\"600\" style=\"border:0;\" allowfullscreen=\"\" loading=\"lazy\" referrerpolicy=\"no-referrer-when-downgrade\"><\/iframe>\n\n\n\n<h3 class=\"wp-block-heading\">Seoladh<\/h3>\n\n\n\n<p>An tIonad don Bhitheola\u00edocht Chr\u00f3mas\u00f3im<br>\u00c1ras na nEola\u00edochta\u00ed Bhithleighis<br>Campas Thuaidh, Ollscoil na Gaillimhe<br>An Caisl\u00e9an Nua Uachtarach<br>Gaillimh<br>H91 W2TY<\/p>\n\n\n\n<h3 class=\"wp-block-heading\">Teacht Anseo<\/h3>\n\n\n\n<details class=\"wp-block-details is-layout-flow wp-block-details-is-layout-flow\"><summary><strong>Ar Eitle\u00e1n<\/strong><\/summary>\n<p class=\"has-text-align-justify\">Galway can be easily reached by public transport from <a aria-label=\" (opens in a new tab)\" href=\"https:\/\/www.irelandwestairport.com\/\" target=\"_blank\" rel=\"noreferrer noopener\" class=\"ek-link\">Knock<\/a>, <a href=\"https:\/\/www.shannonairport.ie\/\" class=\"ek-link\">Shannon<\/a>, or <a href=\"https:\/\/www.dublinairport.com\/\" class=\"ek-link\">Dublin<\/a> airport (in order of proximity but reverse order of airport size and flights offered). Galway can also be reached from <a href=\"https:\/\/www.corkairport.com\/\" class=\"ek-link\">Cork<\/a> agus <a href=\"https:\/\/kerryairport.ie\/website\/\" class=\"ek-link\">Kerry<\/a> airport by public transport with multiple connections.<\/p>\n\n\n\n<p class=\"has-text-align-justify\">It is possible to travel to Galway from <a href=\"https:\/\/www.belfastairport.com\/\" target=\"_blank\" aria-label=\" (opens in a new tab)\" rel=\"noreferrer noopener\" class=\"ek-link\">Belfast<\/a> airport, however, because Belfast is part of the United Kingdom you may need a UK visa to travel there if you do not have an EU or Commonwealth passport. Additionally, cash payments would have to be in pound sterling, not euros. You can check UK visa requirements <a href=\"https:\/\/www.gov.uk\/check-uk-visa\" class=\"ek-link\">anseo<\/a>.<\/p>\n<\/details>\n\n\n\n<p><\/p>\n\n\n\n<details class=\"wp-block-details is-layout-flow wp-block-details-is-layout-flow\"><summary><strong>Ar Traein<\/strong><\/summary>\n<p class=\"has-text-align-justify\">Regular trains offered by <a aria-label=\" (opens in a new tab)\" href=\"https:\/\/www.irishrail.ie\/\" target=\"_blank\" rel=\"noreferrer noopener\" class=\"ek-link\">Irish Rail<\/a> can take you to Galway (<strong>Ceannt<\/strong>) station which is located in Eyre Square (City Centre). The Biomedical Sciences Building is a 10 min journey from the station by car\/bus or 30 min on foot. If travelling from Dublin, you should depart from <strong>Heuston <\/strong>station. If travelling from Limerick, you should depart from <strong>Colbert<\/strong> station. It is advisable to book tickets online in advance. Google maps will usually inform you of the most direct travel plan for your journey.<\/p>\n<\/details>\n\n\n\n<p><\/p>\n\n\n\n<details class=\"wp-block-details is-layout-flow wp-block-details-is-layout-flow\"><summary><strong>Ar Bhus<\/strong><\/summary>\n<p class=\"has-text-align-justify\">You can travel to Galway (<strong>Ceannt<\/strong>) station by bus from Dublin, Cork or Limerick with <a aria-label=\" (opens in a new tab)\" href=\"https:\/\/www.citylink.ie\/\" target=\"_blank\" rel=\"noreferrer noopener\" class=\"ek-link\">City Link<\/a>. You can travel from Shannon (Route 51) or other towns with <a href=\"https:\/\/www.expressway.ie\/\" class=\"ek-link\">Bus \u00c9ireann<\/a>. It is advisable to book tickets online in advance. Expressway (X) buses follow the most direct route with minimal stops. Google maps will usually inform you of the most direct travel plan for your journey.<\/p>\n<\/details>\n\n\n\n<p><\/p>\n\n\n\n<details class=\"wp-block-details is-layout-flow wp-block-details-is-layout-flow\"><summary><strong>Ar Charr n\u00f3 Thacsa\u00ed<\/strong><\/summary>\n<p class=\"has-text-align-justify\">Google maps will usually inform you of the most direct route for your car journey which may involve tolls. Toll fares are generally paid as you pass them in cash euros or by card, with the exception of the M50 toll in Dublin which must be paid <a href=\"https:\/\/www.eflow.ie\/\" target=\"_blank\" aria-label=\" (opens in a new tab)\" rel=\"noreferrer noopener\" class=\"ek-link\">online<\/a> before 20:00 the next day.<\/p>\n\n\n\n<p class=\"has-text-align-justify\">Many local independent taxi services operate across Ireland. The easiest way to book a taxi is using the <a aria-label=\" (opens in a new tab)\" href=\"https:\/\/www.free-now.com\/ie\/\" target=\"_blank\" rel=\"noreferrer noopener\" class=\"ek-link\">Free Now<\/a> app or by calling a local taxi service recommended by a trusted source. Be aware: Uber does not operate in Ireland<\/p>\n<\/details>\n\n\n\n<p><\/p>\n\n\n\n<h3 class=\"wp-block-heading\">Fanact Anseo<\/h3>\n\n\n\n<details class=\"wp-block-details is-layout-flow wp-block-details-is-layout-flow\"><summary><strong>Riachtannais V\u00edosa<\/strong><\/summary>\n<p class=\"has-text-align-justify\">If you are from the UK, EAA or Switzerland you do not need a visa, preclearance, or permit to enter, live, or work in Ireland. If you are not from these countries, you may need to get a short stay visa or preclearence to enter the country (<a href=\"https:\/\/www.citizensinformation.ie\/en\/moving-country\/visas-for-ireland\/visa-requirements-for-entering-ireland\/\" target=\"_blank\" aria-label=\" (opens in a new tab)\" rel=\"noreferrer noopener\" class=\"ek-link\">see here<\/a>). You may also need a long stay visa (<a href=\"https:\/\/www.citizensinformation.ie\/en\/moving-country\/visas-for-ireland\/visa-requirements-for-entering-ireland\/\" target=\"_blank\" aria-label=\" (opens in a new tab)\" rel=\"noreferrer noopener\" class=\"ek-link\">see here<\/a>) and employment permit to work in Ireland (<a href=\"https:\/\/www.citizensinformation.ie\/en\/moving-country\/working-in-ireland\/migrant-workers\/coming-to-work-in-ireland\/\" class=\"ek-link\">see here<\/a>). For more information <a href=\"https:\/\/www.irishimmigration.ie\/\" class=\"ek-link\">see here<\/a>.<\/p>\n<\/details>\n\n\n\n<p><\/p>\n\n\n\n<details class=\"wp-block-details is-layout-flow wp-block-details-is-layout-flow\"><summary><strong>Ag Cuardaigh L\u00f3ist\u00edn<\/strong><\/summary>\n<p class=\"has-text-align-justify\">On- and off- campus accommodation associated with the university can be found <a href=\"https:\/\/www.universityofgalway.ie\/student-life\/accommodation\/\" target=\"_blank\" aria-label=\" (opens in a new tab)\" rel=\"noreferrer noopener\" class=\"ek-link\">anseo<\/a>. Private accommodation for rent or sale can be found on <a href=\"https:\/\/www.daft.ie\/\" class=\"ek-link\">Daft<\/a>. Rooms for rent are often advertised on Facebook groups, however, there are also many scammers who make fraudulent adverts. You should avoid paying deposits without first viewing the accommodation and receiving a legitimate license agreement. Accommodation is in in high demand and short supply in Galway City. It may be easier and cheaper to live in one of the city suburbs.<\/p>\n\n\n\n<iframe loading=\"lazy\" src=\"https:\/\/www.google.com\/maps\/d\/embed?mid=1nMYnXTTNEpuBqitwPtXPTRca1GI&#038;ehbc=2E312F\" width=\"640\" height=\"480\"><\/iframe>\n<\/details>\n\n\n\n<p><\/p>\n\n\n\n<details class=\"wp-block-details is-layout-flow wp-block-details-is-layout-flow\"><summary><strong>Info for Foreign Visitors<\/strong><\/summary>\n<p><\/p>\n\n\n\n<div class=\"wp-block-essential-blocks-accordion  root-eb-accordion-iyx1k\"><div class=\"eb-parent-wrapper eb-parent-eb-accordion-iyx1k\"><div class=\"eb-accordion-container eb-accordion-iyx1k\" data-accordion-type=\"accordion\" data-tab-icon=\"fas fa-angle-right\" data-expanded-icon=\"fas fa-angle-down\" data-transition-duration=\"500\"><div class=\"eb-accordion-inner\">\n<div class=\"wp-block-essential-blocks-accordion-item eb-accordion-item-36n0k eb-accordion-wrapper\" data-clickable=\"false\"><div class=\"eb-accordion-title-wrapper eb-accordion-title-wrapper-eb-accordion-iyx1k\" tabindex=\"0\"><span class=\"eb-accordion-icon-wrapper eb-accordion-icon-wrapper-eb-accordion-iyx1k\"><span class=\"fas fa-angle-right eb-accordion-icon\"><\/span><\/span><div class=\"eb-accordion-title-content-wrap title-content-eb-accordion-iyx1k\"><p class=\"eb-accordion-title\"><strong>Republic of Ireland &amp; Northern Ireland<\/strong><\/p><\/div><\/div><div class=\"eb-accordion-content-wrapper eb-accordion-content-wrapper-eb-accordion-iyx1k\"><div class=\"eb-accordion-content\">\n<p class=\"has-text-align-justify\">Galway is based in the Republic of Ireland along with 25 other counties. The Republic of Ireland is an independent nation state with its government in Dublin and is a member of the European Union and Euro Zone. Six counties in the north-east of Ireland comprise Northern Ireland which is a part of the UK with its government in Belfast and London. Northern Ireland is not a part of the EU or Euro Zone and instead uses British pound sterling for currency. Visa requirements, road regulations and public transport all differ between the Republic of Ireland and Northern Ireland.<\/p>\n<\/div><\/div><\/div>\n\n\n\n<div class=\"wp-block-essential-blocks-accordion-item eb-accordion-item-vvknj eb-accordion-wrapper\" data-clickable=\"false\"><div class=\"eb-accordion-title-wrapper eb-accordion-title-wrapper-eb-accordion-iyx1k\" tabindex=\"0\"><span class=\"eb-accordion-icon-wrapper eb-accordion-icon-wrapper-eb-accordion-iyx1k\"><span class=\"fas fa-angle-right eb-accordion-icon\"><\/span><\/span><div class=\"eb-accordion-title-content-wrap title-content-eb-accordion-iyx1k\"><p class=\"eb-accordion-title\"><strong>Currency &amp; Banking<\/strong><\/p><\/div><\/div><div class=\"eb-accordion-content-wrapper eb-accordion-content-wrapper-eb-accordion-iyx1k\"><div class=\"eb-accordion-content\">\n<p class=\"has-text-align-justify\">The only currency of the Republic Ireland is the euro which can be acquired at banks, post offices or exchange offices in airports. The three main Irish banks are <a aria-label=\" (opens in a new tab)\" href=\"https:\/\/aib.ie\/\" target=\"_blank\" rel=\"noreferrer noopener\" class=\"ek-link\">AIB<\/a>, <a href=\"https:\/\/www.bankofireland.com\/\" class=\"ek-link\">BOI<\/a>, agus <a href=\"https:\/\/www.anpost.com\/Money\/Current-Account\" class=\"ek-link\">An Post<\/a>. <a href=\"https:\/\/www.revolut.com\/en-IE\/\" class=\"ek-link\">Revolut<\/a> is a popular online bank, similar to Cash App. A <a href=\"https:\/\/www.bankofireland.com\/branch-locator\/galway-nuig\/\" class=\"ek-link\">BOI branch<\/a> is located in the concourse of the university south campus. Legally, cash euro should be accepted for all goods and services though sometimes only card payments are facilitated. Conversely, not all merchants accept card payments. As such, it is advisable to carry both cash and card. <\/p>\n<\/div><\/div><\/div>\n\n\n\n<div class=\"wp-block-essential-blocks-accordion-item eb-accordion-item-sxpzk eb-accordion-wrapper\" data-clickable=\"false\"><div class=\"eb-accordion-title-wrapper eb-accordion-title-wrapper-eb-accordion-iyx1k\" tabindex=\"0\"><span class=\"eb-accordion-icon-wrapper eb-accordion-icon-wrapper-eb-accordion-iyx1k\"><span class=\"fas fa-angle-right eb-accordion-icon\"><\/span><\/span><div class=\"eb-accordion-title-content-wrap title-content-eb-accordion-iyx1k\"><p class=\"eb-accordion-title\"><strong>Language<\/strong><\/p><\/div><\/div><div class=\"eb-accordion-content-wrapper eb-accordion-content-wrapper-eb-accordion-iyx1k\"><div class=\"eb-accordion-content\">\n<p class=\"has-text-align-justify\">The official language of Ireland is Gaeilge (Irish), however, most Irish people do not speak Irish fluently. English is the first language of most people in Ireland and the language of the workplace. You should have a good professional level of English to work and live in Ireland. The University of Galway is a billingual campus that promotes the speaking of Irish as well as English.<\/p>\n<\/div><\/div><\/div>\n\n\n\n<div class=\"wp-block-essential-blocks-accordion-item eb-accordion-item-854jv eb-accordion-wrapper\" data-clickable=\"false\"><div class=\"eb-accordion-title-wrapper eb-accordion-title-wrapper-eb-accordion-iyx1k\" tabindex=\"0\"><span class=\"eb-accordion-icon-wrapper eb-accordion-icon-wrapper-eb-accordion-iyx1k\"><span class=\"fas fa-angle-right eb-accordion-icon\"><\/span><\/span><div class=\"eb-accordion-title-content-wrap title-content-eb-accordion-iyx1k\"><p class=\"eb-accordion-title\"><strong>Roads &amp; Driving<\/strong><\/p><\/div><\/div><div class=\"eb-accordion-content-wrapper eb-accordion-content-wrapper-eb-accordion-iyx1k\"><div class=\"eb-accordion-content\">\n<p class=\"has-text-align-justify\">In Ireland, we drive on the left side of the road and navigate roundabouts in a clockwise direction. A continuous white line divides a road into the ongoing traffic (left) and oncoming traffic (right) and should not be crossed. You may cross a broken white line to overtake a vehicle but beware: you might be crossing into a lane of oncoming traffic to do so. A yellow line indicates an area where parking is prohibited. Motorways start with M, have blue signs and speed limits of 120 km\/h. National roads start with N, have green signs and speed limits of 100 km\/h. Regional roads start with R, have white signs and speed limits of <em>up to<\/em> 80 km\/h. However, this is not a target and lower speeds may be appropriate on parts of regional roads. Be cautious of pedestrians and livestock which may cross roads at unexpected spots. <\/p>\n<\/div><\/div><\/div>\n\n\n\n<div class=\"wp-block-essential-blocks-accordion-item eb-accordion-item-llk3g eb-accordion-wrapper\" data-clickable=\"false\"><div class=\"eb-accordion-title-wrapper eb-accordion-title-wrapper-eb-accordion-iyx1k\" tabindex=\"0\"><span class=\"eb-accordion-icon-wrapper eb-accordion-icon-wrapper-eb-accordion-iyx1k\"><span class=\"fas fa-angle-right eb-accordion-icon\"><\/span><\/span><div class=\"eb-accordion-title-content-wrap title-content-eb-accordion-iyx1k\"><p class=\"eb-accordion-title\"><strong>Weather<\/strong><\/p><\/div><\/div><div class=\"eb-accordion-content-wrapper eb-accordion-content-wrapper-eb-accordion-iyx1k\"><div class=\"eb-accordion-content\">\n<p class=\"has-text-align-justify\">Ireland has a mild temperate oceanic climate. Mean temperature varies from 5 &#8211; 20 \u00b0C seasonally. Light rain showers occur regularly throughout the year. A raincoat is an essential part of an Irish wardrobe.<\/p>\n<\/div><\/div><\/div>\n\n\n\n<div class=\"wp-block-essential-blocks-accordion-item eb-accordion-item-u7jqe eb-accordion-wrapper\" data-clickable=\"false\"><div class=\"eb-accordion-title-wrapper eb-accordion-title-wrapper-eb-accordion-iyx1k\" tabindex=\"0\"><span class=\"eb-accordion-icon-wrapper eb-accordion-icon-wrapper-eb-accordion-iyx1k\"><span class=\"fas fa-angle-right eb-accordion-icon\"><\/span><\/span><div class=\"eb-accordion-title-content-wrap title-content-eb-accordion-iyx1k\"><p class=\"eb-accordion-title\"><strong>Outlets<\/strong><\/p><\/div><\/div><div class=\"eb-accordion-content-wrapper eb-accordion-content-wrapper-eb-accordion-iyx1k\"><div class=\"eb-accordion-content\">\n<p class=\"has-text-align-justify\">Ireland uses three pin type G sockets (outlets) with 13 A and 230 V. Modern sockets may also have USB chargers. Outlets are not normally found in bathrooms. Not all public transport provides charging outlets.<\/p>\n<\/div><\/div><\/div>\n<\/div><\/div><\/div><\/div>\n<\/details>\n\n\n\n<p><\/p>\n\n\n\n<h3 class=\"wp-block-heading\">Ollscoil na Gaillimhe.<\/h3>\n\n\n\n<p class=\"has-text-align-justify\">T\u00e1 an t-ionad mar chuid de <a aria-label=\" (opens in a new tab)\" href=\"https:\/\/www.universityofgalway.ie\/science-engineering\/schoolofbiologicalandchemicalsciences\/\" target=\"_blank\" rel=\"noreferrer noopener\" class=\"ek-link\">Scoil na Bitheola\u00edochta agus na Ceimice,<\/a> roinn de <a aria-label=\" (opens in a new tab)\" href=\"https:\/\/www.universityofgalway.ie\/science-engineering\/\" target=\"_blank\" rel=\"noreferrer noopener\" class=\"ek-link\">Chol\u00e1iste na hEola\u00edochta agus na hInnealt\u00f3ireachta<\/a> in <a href=\"https:\/\/www.universityofgalway.ie\/\" class=\"ek-link\">Ollscoil na Gaillimhe.<\/a>T\u00e1 tionchar sonrach ag an Ollscoil ar oideachas,taighde, agus nu\u00e1la\u00edocht a leannan \u00f3 buna\u00edodh \u00ed i 1845. Le maoini\u00fa taighde blianti\u00fail os cionn \u20ac65M, infheist\u00edocht chaipiti\u00fail de bharr \u20ac400M, n\u00edos m\u00f3 n\u00e1 3000 chomhph\u00e1irt\u00ed domhanda, agus leabharlann eolais leathan, n\u00ed haon ionadh \u00e9 go bhfuil Ollscoil na Gaillimhe rangaithe ina measc an 2% den ollscoil is fearr ar domhan.<\/p>\n\n\n\n<figure class=\"wp-block-embed is-type-video is-provider-youtube wp-block-embed-youtube wp-embed-aspect-16-9 wp-has-aspect-ratio\"><div class=\"wp-block-embed__wrapper\">\n<iframe loading=\"lazy\" title=\"Ollscoil na Gaillimhe | University of Galway\" width=\"676\" height=\"380\" src=\"https:\/\/www.youtube.com\/embed\/18W4JJ-jDr8?feature=oembed\" frameborder=\"0\" allow=\"accelerometer; autoplay; clipboard-write; encrypted-media; gyroscope; picture-in-picture; web-share\" referrerpolicy=\"strict-origin-when-cross-origin\" allowfullscreen><\/iframe>\n<\/div><\/figure>","protected":false},"excerpt":{"rendered":"<p>Location The CCB resides in the Biomedical Sciences Building, located in the north campus of the University of Galway. Address Centre for Chromosome BiologyBiomedical Sciences BuildingNorth Campus University of GalwayUpper NewcastleGalwayH91 W2TY Getting Here Staying Here University of Galway The&#8230; <a class=\"more-link\" href=\"https:\/\/chromosome.ie\/gae\/about\/info\/\">Continue Reading &rarr;<\/a><\/p>","protected":false},"author":3,"featured_media":0,"parent":13,"menu_order":1,"comment_status":"closed","ping_status":"closed","template":"template-nosidebar.php","meta":{"_editorskit_title_hidden":false,"_editorskit_reading_time":0,"_editorskit_is_block_options_detached":false,"_editorskit_block_options_position":"{}","_eb_attr":"","_monsterinsights_skip_tracking":false,"_monsterinsights_sitenote_active":false,"_monsterinsights_sitenote_note":"","_monsterinsights_sitenote_category":0,"footnotes":""},"categories":[],"tags":[],"class_list":["post-940","page","type-page","status-publish","hentry"],"_links":{"self":[{"href":"https:\/\/chromosome.ie\/gae\/wp-json\/wp\/v2\/pages\/940","targetHints":{"allow":["GET"]}}],"collection":[{"href":"https:\/\/chromosome.ie\/gae\/wp-json\/wp\/v2\/pages"}],"about":[{"href":"https:\/\/chromosome.ie\/gae\/wp-json\/wp\/v2\/types\/page"}],"author":[{"embeddable":true,"href":"https:\/\/chromosome.ie\/gae\/wp-json\/wp\/v2\/users\/3"}],"replies":[{"embeddable":true,"href":"https:\/\/chromosome.ie\/gae\/wp-json\/wp\/v2\/comments?post=940"}],"version-history":[{"count":25,"href":"https:\/\/chromosome.ie\/gae\/wp-json\/wp\/v2\/pages\/940\/revisions"}],"predecessor-version":[{"id":1605,"href":"https:\/\/chromosome.ie\/gae\/wp-json\/wp\/v2\/pages\/940\/revisions\/1605"}],"up":[{"embeddable":true,"href":"https:\/\/chromosome.ie\/gae\/wp-json\/wp\/v2\/pages\/13"}],"wp:attachment":[{"href":"https:\/\/chromosome.ie\/gae\/wp-json\/wp\/v2\/media?parent=940"}],"wp:term":[{"taxonomy":"category","embeddable":true,"href":"https:\/\/chromosome.ie\/gae\/wp-json\/wp\/v2\/categories?post=940"},{"taxonomy":"post_tag","embeddable":true,"href":"https:\/\/chromosome.ie\/gae\/wp-json\/wp\/v2\/tags?post=940"}],"curies":[{"name":"wp","href":"https:\/\/api.w.org\/{rel}","templated":true}]}}